{"id":4408,"date":"2024-08-14T13:12:35","date_gmt":"2024-08-14T11:12:35","guid":{"rendered":"https:\/\/www.hzlogistics.eu\/?page_id=4408"},"modified":"2025-10-30T15:39:13","modified_gmt":"2025-10-30T14:39:13","slug":"sustenabilitatea","status":"publish","type":"page","link":"https:\/\/www.hzlogistics.eu\/ro\/sustenabilitatea\/","title":{"rendered":"Sustenabilitatea"},"content":{"rendered":"<style>.elementor-4408 .elementor-element.elementor-element-d3a174b{--display:flex;--margin-top:0px;--margin-bottom:0px;--margin-left:0px;--margin-right:0px;--padding-top:100px;--padding-bottom:100px;--padding-left:0px;--padding-right:0px;--z-index:3;}.elementor-4408 .elementor-element.elementor-element-d3a174b:not(.elementor-motion-effects-element-type-background), .elementor-4408 .elementor-element.elementor-element-d3a174b > .elementor-motion-effects-container > .elementor-motion-effects-layer{background-color:#F3F3F3;}.elementor-widget-text-editor{font-family:var( --e-global-typography-text-font-family ), Sans-serif;font-weight:var( --e-global-typography-text-font-weight );color:var( --e-global-color-text );}.elementor-widget-text-editor.elementor-drop-cap-view-stacked .elementor-drop-cap{background-color:var( --e-global-color-primary );}.elementor-widget-text-editor.elementor-drop-cap-view-framed .elementor-drop-cap, .elementor-widget-text-editor.elementor-drop-cap-view-default .elementor-drop-cap{color:var( --e-global-color-primary );border-color:var( --e-global-color-primary );}@media(max-width:1024px){.elementor-4408 .elementor-element.elementor-element-d3a174b{--padding-top:50px;--padding-bottom:50px;--padding-left:50px;--padding-right:50px;}}@media(max-width:767px){.elementor-4408 .elementor-element.elementor-element-d3a174b{--padding-top:50px;--padding-bottom:50px;--padding-left:25px;--padding-right:25px;}}<\/style>\t\t<div data-elementor-type=\"wp-page\" data-elementor-id=\"4408\" class=\"elementor elementor-4408\" data-elementor-post-type=\"page\">\n\t\t\t\t<div class=\"elementor-element elementor-element-d3a174b e-flex e-con-boxed e-con e-parent\" data-id=\"d3a174b\" data-element_type=\"container\" data-e-type=\"container\" data-settings=\"{&quot;background_background&quot;:&quot;classic&quot;}\">\n\t\t\t\t\t<div class=\"e-con-inner\">\n\t\t\t\t<div class=\"elementor-element elementor-element-4d9c59e elementor-widget elementor-widget-text-editor\" data-id=\"4d9c59e\" data-element_type=\"widget\" data-e-type=\"widget\" data-widget_type=\"text-editor.default\">\n\t\t\t\t<div class=\"elementor-widget-container\">\n\t\t\t\t\t\t\t\t\t<p><span style=\"color: var( --e-global-color-text ); font-family: var( --e-global-typography-text-font-family ), Sans-serif; font-weight: var( --e-global-typography-text-font-weight ); text-align: var(--text-align); font-size: 20px;\">H.Z. Logistics este un furnizor de servicii de \u00eenalt\u0103 calitate, inovator \u0219i eficient. Sustenabilitatea \u0219i Responsabilitatea Social\u0103 Corporativ\u0103 (CSR) sunt de mare importan\u021b\u0103 pentru noi. Ne str\u0103duim s\u0103 avem un impact pozitiv asupra mediului cu solu\u021biile noastre logistice inovatoare.<\/span><\/p><h3>Cl\u0103dire durabil\u0103<\/h3><p>Cl\u0103direa noastr\u0103 recent construit\u0103 din Maasdijk (NL) a fost construit\u0103 sub certificarea BREEAM-NL Excellent cu o evaluare de 4 stele. Aceasta este o metod\u0103 de certificare pentru construc\u021bii noi, care prive\u0219te sustenabilitatea integral\u0103. Aceast\u0103 evaluare a fost realizat\u0103 prin utilizarea materialelor de construc\u021bie durabile cu izola\u021bie de \u00eenalt\u0103 calitate. Drept urmare, cl\u0103direa ob\u021bine \u0219i o etichet\u0103 energetic\u0103 de A++++.<\/p><p>Site-ul nostru con\u021bine \u0219i 26 de locuri de parcare pentru remorc\u0103 care sunt dotate cu putere pentru conectarea motorului de r\u0103cire, astfel \u00eenc\u00e2t s\u0103 nu fie folosit\u0103 motorin\u0103. Posturile tractorului sunt, de asemenea, echipate cu energie electric\u0103, astfel \u00eenc\u00e2t \u0219oferii s\u0103 nu fie nevoi\u021bi s\u0103 foloseasc\u0103 motorin\u0103 \u00een cabin\u0103 atunci c\u00e2nd au nevoie de electricitate. Puterea folosit\u0103 pentru aceasta este generat\u0103 de panourile noastre solare.<\/p><h3>Energie verde\/panouri solare<\/h3><p>H.Z. Logistica contribuie la un mediu mai curat prin generarea de energie electric\u0103 prin utilizarea panourilor solare. \u00cen 2023, au fost instalate \u00een total 1.682 de panouri solare, dintre care 1.200 sunt pe cl\u0103direa principal\u0103, restul de 482 de panouri solare sunt pe anex\u0103.<\/p><h3>Planificare eficient\u0103<\/h3><p>Un alt mod prin care evit\u0103m emisiile inutile este reducerea la minimum a kilometrajului prin planificarea c\u0103l\u0103toriilor inteligente. Planificatorii no\u0219tri sunt ocupa\u021bi s\u0103 aleag\u0103 cele mai eficiente rute \u00een fiecare zi. Acest lucru nu numai c\u0103 economise\u0219te costuri pentru clien\u021bii no\u0219tri, dar contribuie \u0219i la reducerea emisiilor de CO2.<\/p><p>Transport\u0103m \u0219i pe calea ferat\u0103, ceea ce contribuie semnificativ la reducerea CO2. \u00cen 2023, aceasta a dus la o reducere de 1.170 de tone de CO2.<\/p><h3>Eficien\u021ba combustibilului<\/h3><p>\u0218oferii no\u0219tri sunt instrui\u021bi \u00een domeniul eficien\u021bei consumului de combustibil. Aceste cursuri de formare constau \u00een Conducere economic\u0103 \u0219i Cod 95 \u201eConducerea nou\u0103\u201d. Aceste cursuri de formare ofer\u0103 \u0219oferilor cuno\u0219tin\u021bele necesare pentru a folosi cu p\u00e2n\u0103 la 10% mai pu\u021bin combustibil pe c\u0103l\u0103torie.<\/p><h3>Lean Green<\/h3><p><a href=\"https:\/\/lean-green.nl\/deelnemers\/h-z-logistics-bv\/\" target=\"_blank\" rel=\"noopener\">Lean &amp; Green<\/a> ofer\u0103 companiilor participante recunoa\u0219tere verificat\u0103 pentru reducerile de CO2 ob\u021binute \u00een activit\u0103\u021bile logistice.<\/p><p>Aceast\u0103 recunoa\u0219tere verificat\u0103 este acordat\u0103 \u00een stele. Am primit a doua stea \u00een iunie 2024. Suntem foarte m\u00e2ndri s\u0103 anun\u021b\u0103m c\u0103 am ob\u021binut recent a treia stea \u00een august 2025. Aceast\u0103 recunoa\u0219tere demonstreaz\u0103 c\u0103 lu\u0103m \u00een serios sustenabilitatea \u0219i c\u0103 ne str\u0103duim continuu s\u0103 ne \u00eembun\u0103t\u0103\u021bim.<\/p><h3>Vehicule alimentate cu GNL<\/h3><p>Suntem m\u00e2ndri c\u0103 \u00een prezent avem 30 de camioane care func\u021bioneaz\u0103 cu GNL (gaz). Aceast\u0103 alternativ\u0103 durabil\u0103 reduce emisiile de CO2 \u0219i contribuie la un mediu mai curat, oferind \u00een acela\u0219i timp un transport eficient \u0219i fiabil.<\/p><h3>Monitorizarea presiunii combustibilului \u0219i anvelopelor<\/h3><p>Monitoriz\u0103m continuu presiunea combustibilului \u0219i a anvelopelor vehiculelor noastre. Aceste m\u0103suri ne ajut\u0103 s\u0103 conducem c\u00e2t mai eficient posibil \u0219i s\u0103 evit\u0103m emisiile inutile, ceea ce ne reduce \u0219i mai mult impactul asupra mediului. La H.Z. Din punct de vedere logistic, lucr\u0103m \u00een mod con\u0219tient la ini\u021biativele noastre durabile. \u00cempreun\u0103 lucr\u0103m pentru un viitor mai verde.<\/p><h3>CSRD<\/h3><p>Dorim s\u0103 v\u0103 inform\u0103m c\u0103 H.Z. Logistics este \u00een prezent \u00een proces de implementare a BigMile. Aceast\u0103 implementare va fi finalizat\u0103 p\u00e2n\u0103 la sf\u00e2r\u0219itul lunii decembrie. BigMile ne va permite s\u0103 gener\u0103m rapoarte certificate de CO2, \u00een conformitate cu metodologia ISO 14083 \u0219i cadrul GLEC. Acest lucru va asigura o raportare transparent\u0103 \u0219i fiabil\u0103 a emisiilor noastre de CO2 \u0219i va \u00eendeplini cele mai stricte cerin\u021be de sustenabilitate \u0219i raportare.<\/p><p>Dac\u0103 ave\u021bi \u00eentreb\u0103ri cu privire la acest subiect, v\u0103 rug\u0103m s\u0103 le direc\u021biona\u021bi c\u0103tre <a href=\"mailto:csrd@hzlogistics.nl\">csrd@hzlogistics.nl<\/a><\/p><h3>Gestionarea de\u0219eurilor<\/h3><p>La H.Z. Logistic\u0103, ne angaj\u0103m activ \u00een gestionarea responsabil\u0103 a de\u0219eurilor. \u00cen acest scop avem dou\u0103 str\u0103zi de mediu, unde de\u0219eurile noastre sunt sortate \u00een patru fluxuri: de\u0219euri reziduale, carton\/h\u00e2rtie, plastic \u0219i verde\/swill. Folosim containere de presa pentru deseurile grosiere, ceea ce asigura o prelucrare eficienta si ecologica a deseurilor.<\/p><p>Partenerul nostru de gestionare a de\u0219eurilor urm\u0103re\u0219te \u00eendeaproape c\u00e2t de pline sunt co\u0219urile, astfel \u00eenc\u00e2t acestea s\u0103 fie golite la momentul potrivit. Acest lucru previne at\u00e2t golirea timpurie, c\u00e2t \u0219i cea tardiv\u0103, permi\u021b\u00e2ndu-ne s\u0103 realiz\u0103m optimizarea transportului \u0219i s\u0103 minimiz\u0103m impactul asupra mediului.<\/p><p>Prin aceste m\u0103suri reducem de\u0219eurile \u0219i promov\u0103m reciclarea, ceea ce contribuie la un mediu mai bun \u0219i la un viitor durabil.<\/p><h3>Dezvoltarea angaja\u021bilor<\/h3><p>H.Z. Logistica acord\u0103 o mare importan\u021b\u0103 dezvolt\u0103rii angaja\u021bilor. De aceea, punem la dispozi\u021bie un buget pentru urm\u0103toarele cursuri \u0219i formare. \u00cen acest fel, angaja\u021bii no\u0219tri pot continua s\u0103 \u00ee\u0219i dezvolte \u0219i s\u0103-\u0219i extind\u0103 cuno\u0219tin\u021bele \u0219i abilit\u0103\u021bile.<\/p>\t\t\t\t\t\t\t\t<\/div>\n\t\t\t\t<\/div>\n\t\t\t\t\t<\/div>\n\t\t\t\t<\/div>\n\t\t\t\t<\/div>\n\t\t","protected":false},"excerpt":{"rendered":"<p>H.Z. Logistics este un furnizor de servicii de \u00eenalt\u0103 calitate, inovator \u0219i eficient. Sustenabilitatea \u0219i Responsabilitatea Social\u0103 Corporativ\u0103 (CSR) sunt de mare importan\u021b\u0103 pentru noi. Ne str\u0103duim s\u0103 avem un impact pozitiv asupra mediului cu solu\u021biile noastre logistice inovatoare. Cl\u0103dire durabil\u0103 Cl\u0103direa noastr\u0103 recent construit\u0103 din Maasdijk (NL) a fost construit\u0103 sub certificarea BREEAM-NL Excellent [&hellip;]<\/p>\n","protected":false},"author":3,"featured_media":0,"parent":0,"menu_order":0,"comment_status":"closed","ping_status":"closed","template":"","meta":{"_acf_changed":false,"footnotes":""},"class_list":["post-4408","page","type-page","status-publish","hentry"],"acf":[],"_links":{"self":[{"href":"https:\/\/www.hzlogistics.eu\/ro\/wp-json\/wp\/v2\/pages\/4408","targetHints":{"allow":["GET"]}}],"collection":[{"href":"https:\/\/www.hzlogistics.eu\/ro\/wp-json\/wp\/v2\/pages"}],"about":[{"href":"https:\/\/www.hzlogistics.eu\/ro\/wp-json\/wp\/v2\/types\/page"}],"author":[{"embeddable":true,"href":"https:\/\/www.hzlogistics.eu\/ro\/wp-json\/wp\/v2\/users\/3"}],"replies":[{"embeddable":true,"href":"https:\/\/www.hzlogistics.eu\/ro\/wp-json\/wp\/v2\/comments?post=4408"}],"version-history":[{"count":0,"href":"https:\/\/www.hzlogistics.eu\/ro\/wp-json\/wp\/v2\/pages\/4408\/revisions"}],"wp:attachment":[{"href":"https:\/\/www.hzlogistics.eu\/ro\/wp-json\/wp\/v2\/media?parent=4408"}],"curies":[{"name":"wp","href":"https:\/\/api.w.org\/{rel}","templated":true}]}}