{"id":4425,"date":"2024-08-15T13:06:42","date_gmt":"2024-08-15T11:06:42","guid":{"rendered":"https:\/\/www.hzlogistics.eu\/?page_id=4425"},"modified":"2025-05-30T12:32:29","modified_gmt":"2025-05-30T10:32:29","slug":"certyfikaty","status":"publish","type":"page","link":"https:\/\/www.hzlogistics.eu\/pl\/certyfikaty\/","title":{"rendered":"Certyfikaty"},"content":{"rendered":"<style>.elementor-4425 .elementor-element.elementor-element-fa44aa7{--display:flex;--margin-top:0px;--margin-bottom:0px;--margin-left:0px;--margin-right:0px;--padding-top:100px;--padding-bottom:100px;--padding-left:0px;--padding-right:0px;--z-index:3;}.elementor-4425 .elementor-element.elementor-element-fa44aa7:not(.elementor-motion-effects-element-type-background), .elementor-4425 .elementor-element.elementor-element-fa44aa7 > .elementor-motion-effects-container > .elementor-motion-effects-layer{background-color:#F3F3F3;}.elementor-widget-text-editor{font-family:var( --e-global-typography-text-font-family ), Sans-serif;font-weight:var( --e-global-typography-text-font-weight );color:var( --e-global-color-text );}.elementor-widget-text-editor.elementor-drop-cap-view-stacked .elementor-drop-cap{background-color:var( --e-global-color-primary );}.elementor-widget-text-editor.elementor-drop-cap-view-framed .elementor-drop-cap, .elementor-widget-text-editor.elementor-drop-cap-view-default .elementor-drop-cap{color:var( --e-global-color-primary );border-color:var( --e-global-color-primary );}@media(max-width:1024px){.elementor-4425 .elementor-element.elementor-element-fa44aa7{--padding-top:50px;--padding-bottom:50px;--padding-left:50px;--padding-right:50px;}}@media(max-width:767px){.elementor-4425 .elementor-element.elementor-element-fa44aa7{--padding-top:50px;--padding-bottom:50px;--padding-left:25px;--padding-right:25px;}}<\/style>\t\t<div data-elementor-type=\"wp-page\" data-elementor-id=\"4425\" class=\"elementor elementor-4425\" data-elementor-post-type=\"page\">\n\t\t\t\t<div class=\"elementor-element elementor-element-fa44aa7 e-flex e-con-boxed e-con e-parent\" data-id=\"fa44aa7\" data-element_type=\"container\" data-e-type=\"container\" data-settings=\"{&quot;background_background&quot;:&quot;classic&quot;}\">\n\t\t\t\t\t<div class=\"e-con-inner\">\n\t\t\t\t<div class=\"elementor-element elementor-element-961c049 elementor-widget elementor-widget-text-editor\" data-id=\"961c049\" data-element_type=\"widget\" data-e-type=\"widget\" data-widget_type=\"text-editor.default\">\n\t\t\t\t<div class=\"elementor-widget-container\">\n\t\t\t\t\t\t\t\t\t<h3>Certyfikaty AEO<\/h3>\n<p>Z dum\u0105 informujemy, \u017ce H.Z. Logistics B.V. posiada certyfikat AEO. Oznacza to, \u017ce przestrzegamy rygorystycznych norm bezpiecze\u0144stwa i kontroli ustanowionych przez organy celne. Certyfikat ten gwarantuje naszym Klientom niezawodn\u0105 i sprawn\u0105 obs\u0142ug\u0119 mi\u0119dzynarodowych przep\u0142yw\u00f3w towarowych.<\/p>\n<h3>Certyfikat BRC &#8211; Statusie A++<\/h3>\n<p>H.Z. Logistics posiada certyfikat BRC o najwy\u017cszym statusie: A++. Oznacza to, \u017ce spe\u0142niamy najsurowsze wymagania w zakresie bezpiecze\u0144stwa i jako\u015bci \u017cywno\u015bci, okre\u015blone przez British Retail Consortium. Certyfikat ten podkre\u015bla nasze zaanga\u017cowanie w bezpieczne i wysokiej jako\u015bci us\u0142ugi logistyczne.<\/p>\n<h3>Lean &amp; Green<\/h3>\n<p>W maju 2024 r. otrzymali\u015bmy drug\u0105 gwiazdk\u0119&nbsp;<a href=\"https:\/\/www.hzlogistics.eu\/pl\/aktualnosci\/lean-green\/\" target=\"_blank\">Lean &amp; Green<\/a>. To wyr\u00f3\u017cnienie pokazuje, \u017ce aktywnie przyczyniamy si\u0119 do redukcji CO\u2082 i zr\u00f3wnowa\u017conego rozwoju w ramach naszych proces\u00f3w logistycznych. Uzyskanie tych gwiazdek pokazuje, \u017ce stale inwestujemy w przyjazne dla \u015brodowiska rozwi\u0105zania. Ponownie spe\u0142nili\u015bmy nasz roczny monitoring, kt\u00f3ry pokazuje, \u017ce strukturalnie koncentrujemy si\u0119 na profesjonalizmie, bezpiecze\u0144stwie i niezawodno\u015bci. Ponadto obecnie aktywnie przygotowujemy si\u0119 do uzyskania trzeciej gwiazdki. Ten kolejny krok jest dla nas wa\u017cnym kamieniem milowym i potwierdzeniem wysokiego standardu, do kt\u00f3rego d\u0105\u017cymy we wszystkim, co robimy.<\/p>\n<h3>Certyfikat BREAAM-NL Excellent<\/h3>\n<p>Nasz nowo wybudowany budynek w Maasdijk posiada certyfikat BREEAM-NL Excellent z czterema gwiazdkami, co potwierdza nasze zaanga\u017cowanie w zr\u00f3wnowa\u017cony rozw\u00f3j i efektywno\u015b\u0107 energetyczn\u0105. Dzi\u0119ki ekologicznym materia\u0142om i wysokiej jako\u015bci izolacji budynek posiada najwy\u017csz\u0105 etykiet\u0119 energetyczn\u0105 A+++++.<\/p>\t\t\t\t\t\t\t\t<\/div>\n\t\t\t\t<\/div>\n\t\t\t\t\t<\/div>\n\t\t\t\t<\/div>\n\t\t\t\t<\/div>\n\t\t","protected":false},"excerpt":{"rendered":"<p>Certyfikaty AEO Z dum\u0105 informujemy, \u017ce H.Z. Logistics B.V. posiada certyfikat AEO. Oznacza to, \u017ce przestrzegamy rygorystycznych norm bezpiecze\u0144stwa i kontroli ustanowionych przez organy celne. Certyfikat ten gwarantuje naszym Klientom niezawodn\u0105 i sprawn\u0105 obs\u0142ug\u0119 mi\u0119dzynarodowych przep\u0142yw\u00f3w towarowych. Certyfikat BRC &#8211; Statusie A++ H.Z. Logistics posiada certyfikat BRC o najwy\u017cszym statusie: A++. Oznacza to, \u017ce spe\u0142niamy [&hellip;]<\/p>\n","protected":false},"author":3,"featured_media":0,"parent":0,"menu_order":0,"comment_status":"closed","ping_status":"closed","template":"","meta":{"_acf_changed":false,"footnotes":""},"class_list":["post-4425","page","type-page","status-publish","hentry"],"acf":[],"_links":{"self":[{"href":"https:\/\/www.hzlogistics.eu\/pl\/wp-json\/wp\/v2\/pages\/4425","targetHints":{"allow":["GET"]}}],"collection":[{"href":"https:\/\/www.hzlogistics.eu\/pl\/wp-json\/wp\/v2\/pages"}],"about":[{"href":"https:\/\/www.hzlogistics.eu\/pl\/wp-json\/wp\/v2\/types\/page"}],"author":[{"embeddable":true,"href":"https:\/\/www.hzlogistics.eu\/pl\/wp-json\/wp\/v2\/users\/3"}],"replies":[{"embeddable":true,"href":"https:\/\/www.hzlogistics.eu\/pl\/wp-json\/wp\/v2\/comments?post=4425"}],"version-history":[{"count":0,"href":"https:\/\/www.hzlogistics.eu\/pl\/wp-json\/wp\/v2\/pages\/4425\/revisions"}],"wp:attachment":[{"href":"https:\/\/www.hzlogistics.eu\/pl\/wp-json\/wp\/v2\/media?parent=4425"}],"curies":[{"name":"wp","href":"https:\/\/api.w.org\/{rel}","templated":true}]}}