{"id":4421,"date":"2024-08-15T12:59:32","date_gmt":"2024-08-15T10:59:32","guid":{"rendered":"https:\/\/www.hzlogistics.eu\/?page_id=4421"},"modified":"2025-10-30T15:43:25","modified_gmt":"2025-10-30T14:43:25","slug":"zrownowazony-rozwoj","status":"publish","type":"page","link":"https:\/\/www.hzlogistics.eu\/pl\/zrownowazony-rozwoj\/","title":{"rendered":"Zr\u00f3wnowa\u017cony rozw\u00f3j"},"content":{"rendered":"<style>.elementor-4421 .elementor-element.elementor-element-e0a99e8{--display:flex;--margin-top:0px;--margin-bottom:0px;--margin-left:0px;--margin-right:0px;--padding-top:100px;--padding-bottom:100px;--padding-left:0px;--padding-right:0px;--z-index:3;}.elementor-4421 .elementor-element.elementor-element-e0a99e8:not(.elementor-motion-effects-element-type-background), .elementor-4421 .elementor-element.elementor-element-e0a99e8 > .elementor-motion-effects-container > .elementor-motion-effects-layer{background-color:#F3F3F3;}.elementor-widget-text-editor{font-family:var( --e-global-typography-text-font-family ), Sans-serif;font-weight:var( --e-global-typography-text-font-weight );color:var( --e-global-color-text );}.elementor-widget-text-editor.elementor-drop-cap-view-stacked .elementor-drop-cap{background-color:var( --e-global-color-primary );}.elementor-widget-text-editor.elementor-drop-cap-view-framed .elementor-drop-cap, .elementor-widget-text-editor.elementor-drop-cap-view-default .elementor-drop-cap{color:var( --e-global-color-primary );border-color:var( --e-global-color-primary );}@media(max-width:1024px){.elementor-4421 .elementor-element.elementor-element-e0a99e8{--padding-top:50px;--padding-bottom:50px;--padding-left:50px;--padding-right:50px;}}@media(max-width:767px){.elementor-4421 .elementor-element.elementor-element-e0a99e8{--padding-top:50px;--padding-bottom:50px;--padding-left:25px;--padding-right:25px;}}<\/style>\t\t<div data-elementor-type=\"wp-page\" data-elementor-id=\"4421\" class=\"elementor elementor-4421\" data-elementor-post-type=\"page\">\n\t\t\t\t<div class=\"elementor-element elementor-element-e0a99e8 e-flex e-con-boxed e-con e-parent\" data-id=\"e0a99e8\" data-element_type=\"container\" data-e-type=\"container\" data-settings=\"{&quot;background_background&quot;:&quot;classic&quot;}\">\n\t\t\t\t\t<div class=\"e-con-inner\">\n\t\t\t\t<div class=\"elementor-element elementor-element-c9d479b elementor-widget elementor-widget-text-editor\" data-id=\"c9d479b\" data-element_type=\"widget\" data-e-type=\"widget\" data-widget_type=\"text-editor.default\">\n\t\t\t\t<div class=\"elementor-widget-container\">\n\t\t\t\t\t\t\t\t\t<p>H.Z. Logistics to wysokiej jako\u015bci, prze\u0142omowy i skuteczny dostawca us\u0142ug. Zr\u00f3wnowa\u017cony rozw\u00f3j i spo\u0142eczna odpowiedzialno\u015b\u0107 biznesu (CSR) s\u0105 dla nas niezwykle wa\u017cne. Staramy si\u0119 mie\u0107 pozytywny wp\u0142yw na \u015brodowisko dzi\u0119ki naszym innowacyjnym rozwi\u0105zaniom logistycznym.<\/p><h3>Zr\u00f3wnowa\u017cony budynek<\/h3><p>Nasza nowa siedziba w Maasdijk zosta\u0142a zbudowana w ramach certyfikatu BREEAM-NL Excellent z ocen\u0105 4 gwiazdek. Jest to metoda certyfikacji nowego budownictwa, kt\u00f3ra uwzgl\u0119dnia integralny zr\u00f3wnowa\u017cony rozw\u00f3j. Ocen\u0119 t\u0119 uzyskano dzi\u0119ki zastosowaniu zr\u00f3wnowa\u017conych materia\u0142\u00f3w budowlanych z wysokiej jako\u015bci izolacj\u0105. W rezultacie budynek uzyska\u0142 r\u00f3wnie\u017c etykiet\u0119 energetyczn\u0105 A+++++.<\/p><p>Na naszym terenie znajduje si\u0119 r\u00f3wnie\u017c 26 miejsc postojowych dla naczep. Miejsca postojowe wyposa\u017cone s\u0105 w zasilanie do pod\u0142\u0105czenia agregatu, co eliminuje zu\u017cycie oleju nap\u0119dowego podczas postoju. Stanowiska ci\u0105gnik\u00f3w s\u0105 r\u00f3wnie\u017c wyposa\u017cone w energi\u0119 elektryczn\u0105, dzi\u0119ki czemu kierowcy nie musz\u0105 zu\u017cywa\u0107 oleju nap\u0119dowego w kabinie, gdy potrzebuj\u0105 pr\u0105du podczas postoju. Wykorzystywana do tego energia jest generowana przez nasze panele s\u0142oneczne.<\/p><h3>Zielona energia\/panele s\u0142oneczne<\/h3><p>H.Z. Logistics dba o \u015brodowisko, wytwarzaj\u0105c energi\u0119 elektryczn\u0105 za pomoc\u0105 paneli s\u0142onecznych. W 2023 roku zainstalowano \u0142\u0105cznie 1682 panele s\u0142oneczne, z czego 1200 znajduje si\u0119 w budynku g\u0142\u00f3wnym, a pozosta\u0142e 482 panele s\u0142oneczne w budynku gospodarczym.<\/p><h3>Efektywne planowanie<\/h3><p>Innym sposobem na unikni\u0119cie niepotrzebnych emisji jest minimalizacja przejechanych kilometr\u00f3w poprzez planowanie tras. Nasi plani\u015bci ka\u017cdego dnia s\u0105 zaj\u0119ci wyborem najbardziej efektywnych tras. To nie tylko oszcz\u0119dza koszty dla naszych klient\u00f3w, ale tak\u017ce przyczynia si\u0119 do redukcji emisji CO2.<\/p><p>Specjalizujemy si\u0119 tak\u017ce w transporcie kolejowym, co znacz\u0105co przyczynia si\u0119 do redukcji emisji CO2. W 2023 r. prze\u0142o\u017cy\u0142o si\u0119 to na redukcj\u0119 emisji CO2 o 1170 ton.<\/p><h3>Efektywno\u015b\u0107 paliwowa<\/h3><p>Nasi kierowcy s\u0105 przeszkoleni w zakresie oszcz\u0119dzania paliwa. Kursy szkoleniowe obejmuj\u0105 ekonomiczn\u0105 jazd\u0119 i Kodeks 95 \u201eNowa jazda\u201d. Dzi\u0119ki tym szkoleniom kierowcy zdobywaj\u0105 wiedz\u0119 pozwalaj\u0105c\u0105 zu\u017cywa\u0107 do 10% mniej paliwa w trakcie jednej podr\u00f3\u017cy.<\/p><h3>Lean &amp; Green<\/h3><p>Program <a href=\"https:\/\/lean-green.nl\/deelnemers\/h-z-logistics-bv\/\" target=\"_blank\" rel=\"noopener\">Lean &amp; Green<\/a> zapewnia firmom uczestnicz\u0105cym w programie zweryfikowane uznanie za redukcj\u0119 emisji CO2 w dzia\u0142aniach logistycznych.<\/p><p>To zweryfikowane uznanie jest przyznawane w postaci gwiazdek. Drug\u0105 gwiazdk\u0119 otrzymali\u015bmy w czerwcu 2024 roku. Z dum\u0105 informujemy, \u017ce w sierpniu 2025 roku otrzymali\u015bmy <a href=\"https:\/\/www.hzlogistics.eu\/en\/news\/h-z-logistics-3rd-lean-green-star\/\">trzeci\u0105 gwiazdk\u0119<\/a>. To wyr\u00f3\u017cnienie \u015bwiadczy o tym, \u017ce powa\u017cnie traktujemy zr\u00f3wnowa\u017cony rozw\u00f3j i stale d\u0105\u017cymy do doskonalenia.<\/p><h3>Pojazdy nap\u0119dzane LNG<\/h3><p>Jeste\u015bmy dumni, \u017ce obecnie 30 naszych ci\u0119\u017car\u00f3wek nap\u0119dzanych jest LNG (gazem). Ta zr\u00f3wnowa\u017cona alternatywa zmniejsza emisj\u0119 CO2 i przyczynia si\u0119 do czystszego \u015brodowiska, zapewniaj\u0105c jednocze\u015bnie wydajny i niezawodny transport.<\/p><h3>Monitorowanie stanu paliwa i ci\u015bnienia w oponach<\/h3><p>Na bie\u017c\u0105co monitorujemy stan paliwa i ci\u015bnienie opon w naszych pojazdach. \u015arodki te pomagaj\u0105 nam je\u017adzi\u0107 tak efektywnie, jak to mo\u017cliwe i unika\u0107 niepotrzebnych emisji, co dodatkowo zmniejsza negatywny wp\u0142yw na \u015brodowisko. W H.Z. Logistics \u015bwiadomie pracujemy nad\u00a0 zr\u00f3wnowa\u017conymi inicjatywami. Razem pracujemy na rzecz bardziej ekologicznej przysz\u0142o\u015bci.<\/p><h3><strong>CSRD<\/strong><\/h3><p>Pragniemy poinformowa\u0107, \u017ce firma H.Z. Logistics wdra\u017ca obecnie projekt BigMile. kt\u00f3rego realizacja zostanie zako\u0144czona do ko\u0144ca grudnia.\u00a0<span style=\"color: var( --e-global-color-text ); font-family: var( --e-global-typography-text-font-family ), Sans-serif; font-weight: var( --e-global-typography-text-font-weight ); text-align: var(--text-align);\">BigMile pozwoli nam generowa\u0107 certyfikowane raporty CO2, zgodnie z metodologi\u0105 ISO14083 oraz wytycznymi GLEC. Zapewni to przejrzyste i wiarygodne raportowanie naszych emisji CO2 oraz spe\u0142ni najbardziej rygorystyczne wymogi dotycz\u0105ce zr\u00f3wnowa\u017conego rozwoju i sprawozdawczo\u015bci.<\/span><\/p><p>Je\u015bli masz jakiekolwiek pytania dotycz\u0105ce tego tematu, skieruj je do: <a href=\"mailto:csrd@hzlogistics.nl\">csrd@hzlogistics.nl<\/a><\/p><h3>Gospodarka odpadami<\/h3><p>W H.Z. Logistics aktywnie anga\u017cujemy si\u0119 w odpowiedzialn\u0105 gospodark\u0119 odpadami. W tym celu posiadamy dwie ulice ekologiczne, gdzie nasze odpady segregowane s\u0105 na cztery strumienie: odpady zmieszane, tektura\/papier, plastik i BIO odpady. Na odpady gruboziarniste stosujemy kontenery prasowe, co zapewnia sprawne i przyjazne dla \u015brodowiska przetwarzanie odpad\u00f3w.<\/p><p>Nasz partner w zakresie gospodarki odpadami uwa\u017cnie monitoruje zape\u0142nienie pojemnik\u00f3w, aby by\u0142y opr\u00f3\u017cniane we w\u0142a\u015bciwym czasie. Zapobiega to zar\u00f3wno przedwczesnemu, jak i p\u00f3\u017anemu opr\u00f3\u017cnianiu, co pozwala nam osi\u0105gn\u0105\u0107 optymalizacj\u0119 transportu i zminimalizowa\u0107 \u00a0negatywny wp\u0142yw na \u015brodowisko.<\/p><p>Dzi\u0119ki tym dzia\u0142aniom ograniczamy ilo\u015b\u0107 odpad\u00f3w i promujemy recykling, co przyczynia si\u0119 do poprawy \u015brodowiska i zr\u00f3wnowa\u017conej przysz\u0142o\u015bci.<\/p><h3><strong>Wspieranie organizacji charytatywnych<\/strong><\/h3><p>H.Z. Logistics jest \u015bci\u015ble zaanga\u017cowana w Ooievaarsrun i co roku udost\u0119pnia organizacji kilka pojazd\u00f3w. Ooievaarsrun to wydarzenie, kt\u00f3re koncentruje si\u0119 na zapewnieniu dobrej zabawy osobom niepe\u0142nosprawnym, oferuj\u0105c im przeja\u017cd\u017ck\u0119 ci\u0119\u017car\u00f3wkami i innymi pojazdami specjalnymi. Przyczynia si\u0119 to do dobrego samopoczucia s\u0142abszych grup spo\u0142ecznych. Opr\u00f3cz Ooievaarsrun oferujemy naszym kierowcom mo\u017cliwo\u015b\u0107 wzi\u0119cia udzia\u0142u w innych rajdach ci\u0119\u017car\u00f3wek na terenie kraju.<\/p><p>H.Z. Logistics jest r\u00f3wnie\u017c sponsorem corocznego Freshride. Jest to impreza rowerowa, kt\u00f3rej uczestnicy zbieraj\u0105 pieni\u0105dze na badania nad rakiem.<\/p><h3><strong>Rozw\u00f3j pracownik\u00f3w<\/strong><\/h3><p>H.Z. Logistics przywi\u0105zuje du\u017c\u0105 wag\u0119 do rozwoju pracownik\u00f3w. Dlatego udost\u0119pniamy bud\u017cet na kolejne kursy i szkolenia. Dzi\u0119ki temu nasi pracownicy mog\u0105 stale si\u0119 rozwija\u0107 i poszerza\u0107 swoj\u0105 wiedz\u0119 i umiej\u0119tno\u015bci.<br \/>W naszym budynku posiadamy r\u00f3wnie\u017c sal\u0119 fitness wyposa\u017con\u0105 w nowoczesny sprz\u0119t si\u0142owy i cardio. Przestrze\u0144 ta zosta\u0142a zaprojektowana tak, aby nasi pracownicy mieli mo\u017cliwo\u015b\u0107 zachowania dobrej kondycji i zdrowia.<\/p>\t\t\t\t\t\t\t\t<\/div>\n\t\t\t\t<\/div>\n\t\t\t\t\t<\/div>\n\t\t\t\t<\/div>\n\t\t\t\t<\/div>\n\t\t","protected":false},"excerpt":{"rendered":"<p>H.Z. Logistics to wysokiej jako\u015bci, prze\u0142omowy i skuteczny dostawca us\u0142ug. Zr\u00f3wnowa\u017cony rozw\u00f3j i spo\u0142eczna odpowiedzialno\u015b\u0107 biznesu (CSR) s\u0105 dla nas niezwykle wa\u017cne. Staramy si\u0119 mie\u0107 pozytywny wp\u0142yw na \u015brodowisko dzi\u0119ki naszym innowacyjnym rozwi\u0105zaniom logistycznym. Zr\u00f3wnowa\u017cony budynek Nasza nowa siedziba w Maasdijk zosta\u0142a zbudowana w ramach certyfikatu BREEAM-NL Excellent z ocen\u0105 4 gwiazdek. Jest to metoda [&hellip;]<\/p>\n","protected":false},"author":3,"featured_media":0,"parent":0,"menu_order":0,"comment_status":"closed","ping_status":"closed","template":"","meta":{"_acf_changed":false,"footnotes":""},"class_list":["post-4421","page","type-page","status-publish","hentry"],"acf":[],"_links":{"self":[{"href":"https:\/\/www.hzlogistics.eu\/pl\/wp-json\/wp\/v2\/pages\/4421","targetHints":{"allow":["GET"]}}],"collection":[{"href":"https:\/\/www.hzlogistics.eu\/pl\/wp-json\/wp\/v2\/pages"}],"about":[{"href":"https:\/\/www.hzlogistics.eu\/pl\/wp-json\/wp\/v2\/types\/page"}],"author":[{"embeddable":true,"href":"https:\/\/www.hzlogistics.eu\/pl\/wp-json\/wp\/v2\/users\/3"}],"replies":[{"embeddable":true,"href":"https:\/\/www.hzlogistics.eu\/pl\/wp-json\/wp\/v2\/comments?post=4421"}],"version-history":[{"count":0,"href":"https:\/\/www.hzlogistics.eu\/pl\/wp-json\/wp\/v2\/pages\/4421\/revisions"}],"wp:attachment":[{"href":"https:\/\/www.hzlogistics.eu\/pl\/wp-json\/wp\/v2\/media?parent=4421"}],"curies":[{"name":"wp","href":"https:\/\/api.w.org\/{rel}","templated":true}]}}