{"id":2103,"date":"2023-10-18T20:17:27","date_gmt":"2023-10-18T18:17:27","guid":{"rendered":"https:\/\/www.hzlogistics.eu\/?page_id=2103"},"modified":"2024-03-06T10:44:38","modified_gmt":"2024-03-06T09:44:38","slug":"zapytaj-o-oferte","status":"publish","type":"page","link":"https:\/\/www.hzlogistics.eu\/pl\/zapytaj-o-oferte\/","title":{"rendered":"Zapytaj o ofert\u0119"},"content":{"rendered":"<style>.elementor-2103 .elementor-element.elementor-element-08361a1{--display:flex;--flex-direction:column;--container-widget-width:100%;--container-widget-height:initial;--container-widget-flex-grow:0;--container-widget-align-self:initial;--flex-wrap-mobile:wrap;--padding-top:100px;--padding-bottom:100px;--padding-left:0px;--padding-right:0px;}.elementor-2103 .elementor-element.elementor-element-08361a1:not(.elementor-motion-effects-element-type-background), .elementor-2103 .elementor-element.elementor-element-08361a1 > .elementor-motion-effects-container > .elementor-motion-effects-layer{background-color:#F2F2F2;}.elementor-widget-heading .elementor-heading-title{font-family:var( --e-global-typography-primary-font-family ), Sans-serif;font-weight:var( --e-global-typography-primary-font-weight );color:var( --e-global-color-primary );}.elementor-2103 .elementor-element.elementor-element-0fd76cd .elementor-heading-title{font-family:\"futura-pt-bold\", Sans-serif;font-weight:600;}.elementor-widget-text-editor{font-family:var( --e-global-typography-text-font-family ), Sans-serif;font-weight:var( --e-global-typography-text-font-weight );color:var( --e-global-color-text );}.elementor-widget-text-editor.elementor-drop-cap-view-stacked .elementor-drop-cap{background-color:var( --e-global-color-primary );}.elementor-widget-text-editor.elementor-drop-cap-view-framed .elementor-drop-cap, .elementor-widget-text-editor.elementor-drop-cap-view-default .elementor-drop-cap{color:var( --e-global-color-primary );border-color:var( --e-global-color-primary );}.elementor-2103 .elementor-element.elementor-element-afb67ca{font-family:\"futura-pt\", Sans-serif;font-weight:400;color:var( --e-global-color-text );}.elementor-widget-form .elementor-field-group > label, .elementor-widget-form .elementor-field-subgroup label{color:var( --e-global-color-text );}.elementor-widget-form .elementor-field-group > label{font-family:var( --e-global-typography-text-font-family ), Sans-serif;font-weight:var( --e-global-typography-text-font-weight );}.elementor-widget-form .elementor-field-type-html{color:var( --e-global-color-text );font-family:var( --e-global-typography-text-font-family ), Sans-serif;font-weight:var( --e-global-typography-text-font-weight );}.elementor-widget-form .elementor-field-group .elementor-field{color:var( --e-global-color-text );}.elementor-widget-form .elementor-field-group .elementor-field, .elementor-widget-form .elementor-field-subgroup label{font-family:var( --e-global-typography-text-font-family ), Sans-serif;font-weight:var( --e-global-typography-text-font-weight );}.elementor-widget-form .elementor-button{font-family:var( --e-global-typography-accent-font-family ), Sans-serif;font-weight:var( --e-global-typography-accent-font-weight );}.elementor-widget-form .e-form__buttons__wrapper__button-next{background-color:var( --e-global-color-accent );}.elementor-widget-form .elementor-button[type=\"submit\"]{background-color:var( --e-global-color-accent );}.elementor-widget-form .e-form__buttons__wrapper__button-previous{background-color:var( --e-global-color-accent );}.elementor-widget-form .elementor-message{font-family:var( --e-global-typography-text-font-family ), Sans-serif;font-weight:var( --e-global-typography-text-font-weight );}.elementor-widget-form .e-form__indicators__indicator, .elementor-widget-form .e-form__indicators__indicator__label{font-family:var( --e-global-typography-accent-font-family ), Sans-serif;font-weight:var( --e-global-typography-accent-font-weight );}.elementor-widget-form{--e-form-steps-indicator-inactive-primary-color:var( --e-global-color-text );--e-form-steps-indicator-active-primary-color:var( --e-global-color-accent );--e-form-steps-indicator-completed-primary-color:var( --e-global-color-accent );--e-form-steps-indicator-progress-color:var( --e-global-color-accent );--e-form-steps-indicator-progress-background-color:var( --e-global-color-text );--e-form-steps-indicator-progress-meter-color:var( --e-global-color-text );}.elementor-widget-form .e-form__indicators__indicator__progress__meter{font-family:var( --e-global-typography-accent-font-family ), Sans-serif;font-weight:var( --e-global-typography-accent-font-weight );}.elementor-2103 .elementor-element.elementor-element-89c754e .elementor-field-group{padding-right:calc( 25px\/2 );padding-left:calc( 25px\/2 );margin-bottom:25px;}.elementor-2103 .elementor-element.elementor-element-89c754e .elementor-form-fields-wrapper{margin-left:calc( -25px\/2 );margin-right:calc( -25px\/2 );margin-bottom:-25px;}.elementor-2103 .elementor-element.elementor-element-89c754e .elementor-field-group.recaptcha_v3-bottomleft, .elementor-2103 .elementor-element.elementor-element-89c754e .elementor-field-group.recaptcha_v3-bottomright{margin-bottom:0;}body.rtl .elementor-2103 .elementor-element.elementor-element-89c754e .elementor-labels-inline .elementor-field-group > label{padding-left:10px;}body:not(.rtl) .elementor-2103 .elementor-element.elementor-element-89c754e .elementor-labels-inline .elementor-field-group > label{padding-right:10px;}body .elementor-2103 .elementor-element.elementor-element-89c754e .elementor-labels-above .elementor-field-group > label{padding-bottom:10px;}.elementor-2103 .elementor-element.elementor-element-89c754e .elementor-field-group > label, .elementor-2103 .elementor-element.elementor-element-89c754e .elementor-field-subgroup label{color:var( --e-global-color-secondary );}.elementor-2103 .elementor-element.elementor-element-89c754e .elementor-field-group > label{font-family:\"futura-pt-bold\", Sans-serif;font-size:20px;font-weight:400;}.elementor-2103 .elementor-element.elementor-element-89c754e .elementor-field-type-html{padding-bottom:0px;font-family:\"futura-pt\", Sans-serif;font-weight:400;}.elementor-2103 .elementor-element.elementor-element-89c754e .elementor-field-group .elementor-field, .elementor-2103 .elementor-element.elementor-element-89c754e .elementor-field-subgroup label{font-family:\"futura-pt\", Sans-serif;font-weight:400;}.elementor-2103 .elementor-element.elementor-element-89c754e .elementor-field-group .elementor-field:not(.elementor-select-wrapper){background-color:#ffffff;border-width:0px 0px 0px 0px;border-radius:0px 0px 0px 0px;}.elementor-2103 .elementor-element.elementor-element-89c754e .elementor-field-group .elementor-select-wrapper select{background-color:#ffffff;border-width:0px 0px 0px 0px;border-radius:0px 0px 0px 0px;}.elementor-2103 .elementor-element.elementor-element-89c754e .elementor-button{font-family:\"futura-pt-bold\", Sans-serif;font-size:20px;font-weight:500;border-radius:0px 0px 0px 0px;padding:14px 20px 15px 20px;}.elementor-2103 .elementor-element.elementor-element-89c754e .e-form__buttons__wrapper__button-next{background-color:var( --e-global-color-primary );color:#ffffff;}.elementor-2103 .elementor-element.elementor-element-89c754e .elementor-button[type=\"submit\"]{background-color:var( --e-global-color-primary );color:#ffffff;}.elementor-2103 .elementor-element.elementor-element-89c754e .elementor-button[type=\"submit\"] svg *{fill:#ffffff;}.elementor-2103 .elementor-element.elementor-element-89c754e .e-form__buttons__wrapper__button-previous{color:#ffffff;}.elementor-2103 .elementor-element.elementor-element-89c754e .e-form__buttons__wrapper__button-next:hover{color:#ffffff;}.elementor-2103 .elementor-element.elementor-element-89c754e .elementor-button[type=\"submit\"]:hover{color:#ffffff;}.elementor-2103 .elementor-element.elementor-element-89c754e .elementor-button[type=\"submit\"]:hover svg *{fill:#ffffff;}.elementor-2103 .elementor-element.elementor-element-89c754e .e-form__buttons__wrapper__button-previous:hover{color:#ffffff;}.elementor-2103 .elementor-element.elementor-element-89c754e{--e-form-steps-indicators-spacing:20px;--e-form-steps-indicator-padding:30px;--e-form-steps-indicator-inactive-secondary-color:#ffffff;--e-form-steps-indicator-active-secondary-color:#ffffff;--e-form-steps-indicator-completed-secondary-color:#ffffff;--e-form-steps-divider-width:1px;--e-form-steps-divider-gap:10px;}@media(min-width:768px){.elementor-2103 .elementor-element.elementor-element-08361a1{--content-width:800px;}}@media(max-width:1024px){.elementor-2103 .elementor-element.elementor-element-08361a1{--padding-top:50px;--padding-bottom:50px;--padding-left:50px;--padding-right:50px;}}@media(max-width:767px){.elementor-2103 .elementor-element.elementor-element-08361a1{--padding-top:50px;--padding-bottom:50px;--padding-left:25px;--padding-right:25px;}}\/* Start custom CSS for form, class: .elementor-element-89c754e *\/hr.dotted {\n  border-top: 2px dotted #bbb;\n}\/* End custom CSS *\/<\/style><link rel=\"stylesheet\" type=\"text\/css\" href=\"https:\/\/use.typekit.net\/skr6mwf.css\">\t\t<div data-elementor-type=\"wp-page\" data-elementor-id=\"2103\" class=\"elementor elementor-2103 elementor-693\" data-elementor-post-type=\"page\">\n\t\t\t\t<div class=\"elementor-element elementor-element-08361a1 e-flex e-con-boxed e-con e-parent\" data-id=\"08361a1\" data-element_type=\"container\" data-e-type=\"container\" data-settings=\"{&quot;background_background&quot;:&quot;classic&quot;}\">\n\t\t\t\t\t<div class=\"e-con-inner\">\n\t\t\t\t<div class=\"elementor-element elementor-element-0fd76cd elementor-widget elementor-widget-heading\" data-id=\"0fd76cd\" data-element_type=\"widget\" data-e-type=\"widget\" data-widget_type=\"heading.default\">\n\t\t\t\t<div class=\"elementor-widget-container\">\n\t\t\t\t\t<h2 class=\"elementor-heading-title elementor-size-default\">Wy\u015blij zapytanie ofertowe\n<\/h2>\t\t\t\t<\/div>\n\t\t\t\t<\/div>\n\t\t\t\t<div class=\"elementor-element elementor-element-afb67ca elementor-widget elementor-widget-text-editor\" data-id=\"afb67ca\" data-element_type=\"widget\" data-e-type=\"widget\" data-widget_type=\"text-editor.default\">\n\t\t\t\t<div class=\"elementor-widget-container\">\n\t\t\t\t\t\t\t\t\t<p>Transport krajowy i mi\u0119dzynarodowy w temperaturze kontrolowanej, dystrybucja, magazynowanie, zaopatrzenie statk\u00f3w- ka\u017cdego dnia zapewniamy odpowiedni\u0105 logistyk\u0119 dostaw szczeg\u00f3lnie w centralnej I po\u0142udniowej Europie.<br \/><br \/>W celu zapewnienia najlepszej us\u0142ugi prosz\u0119 wype\u0142ni\u0107 poni\u017cszy formularz. Skontaktujemy si\u0119 z Tob\u0105 szybko.<br \/><br \/>Szuche, ,\u015bwie\u017ce czy mro\u017cone produkty- z H.Z. Logistics ka\u017cdy towar jest w dobrych r\u0119kach!<\/p>\t\t\t\t\t\t\t\t<\/div>\n\t\t\t\t<\/div>\n\t\t\t\t<div class=\"elementor-element elementor-element-89c754e elementor-button-align-start elementor-widget elementor-widget-form\" data-id=\"89c754e\" data-element_type=\"widget\" data-e-type=\"widget\" data-settings=\"{&quot;step_next_label&quot;:&quot;Next&quot;,&quot;step_previous_label&quot;:&quot;Previous&quot;,&quot;button_width&quot;:&quot;100&quot;,&quot;step_type&quot;:&quot;number_text&quot;,&quot;step_icon_shape&quot;:&quot;circle&quot;}\" data-widget_type=\"form.default\">\n\t\t\t\t<div class=\"elementor-widget-container\">\n\t\t\t\t\t\t\t<form class=\"elementor-form\" method=\"post\" name=\"Offerte aanvraag (PL)\" aria-label=\"Offerte aanvraag (PL)\">\n\t\t\t<input type=\"hidden\" name=\"post_id\" value=\"2103\"\/>\n\t\t\t<input type=\"hidden\" name=\"form_id\" value=\"89c754e\"\/>\n\t\t\t<input type=\"hidden\" name=\"referer_title\" value=\"Zapytaj o ofert\u0119 - H.Z. Logistics\" \/>\n\n\t\t\t\t\t\t\t<input type=\"hidden\" name=\"queried_id\" value=\"2103\"\/>\n\t\t\t\n\t\t\t<div class=\"elementor-form-fields-wrapper elementor-labels-above\">\n\t\t\t\t\t\t\t\t<div class=\"elementor-field-type-date elementor-field-group elementor-column elementor-field-group-field_5374a1a elementor-col-50\">\n\t\t\t\t\t\t\t\t\t\t\t\t<label for=\"form-field-field_5374a1a\" class=\"elementor-field-label\">\n\t\t\t\t\t\t\t\tData za\u0142adunku\t\t\t\t\t\t\t<\/label>\n\t\t\t\t\t\t\n\t\t<input type=\"date\" name=\"form_fields[field_5374a1a]\" id=\"form-field-field_5374a1a\" class=\"elementor-field elementor-size-md  elementor-field-textual elementor-date-field\" pattern=\"[0-9]{4}-[0-9]{2}-[0-9]{2}\">\n\t\t\t\t\t\t<\/div>\n\t\t\t\t\t\t\t\t<div class=\"elementor-field-type-text elementor-field-group elementor-column elementor-field-group-field_d685268 elementor-col-50\">\n\t\t\t\t\t\t\t\t\t\t\t\t<label for=\"form-field-field_d685268\" class=\"elementor-field-label\">\n\t\t\t\t\t\t\t\tGodzina za\u0142adunku\t\t\t\t\t\t\t<\/label>\n\t\t\t\t\t\t\t\t\t\t\t\t\t\t<input size=\"1\" type=\"text\" name=\"form_fields[field_d685268]\" id=\"form-field-field_d685268\" class=\"elementor-field elementor-size-md  elementor-field-textual\">\n\t\t\t\t\t\t\t\t\t\t\t<\/div>\n\t\t\t\t\t\t\t\t<div class=\"elementor-field-type-text elementor-field-group elementor-column elementor-field-group-field_104478f elementor-col-100\">\n\t\t\t\t\t\t\t\t\t\t\t\t<label for=\"form-field-field_104478f\" class=\"elementor-field-label\">\n\t\t\t\t\t\t\t\tRodzaj \u0142adunku\t\t\t\t\t\t\t<\/label>\n\t\t\t\t\t\t\t\t\t\t\t\t\t\t<input size=\"1\" type=\"text\" name=\"form_fields[field_104478f]\" id=\"form-field-field_104478f\" class=\"elementor-field elementor-size-md  elementor-field-textual\">\n\t\t\t\t\t\t\t\t\t\t\t<\/div>\n\t\t\t\t\t\t\t\t<div class=\"elementor-field-type-text elementor-field-group elementor-column elementor-field-group-field_45e3466 elementor-col-33\">\n\t\t\t\t\t\t\t\t\t\t\t\t<label for=\"form-field-field_45e3466\" class=\"elementor-field-label\">\n\t\t\t\t\t\t\t\tIlo\u015b\u0107\t\t\t\t\t\t\t<\/label>\n\t\t\t\t\t\t\t\t\t\t\t\t\t\t<input size=\"1\" type=\"text\" name=\"form_fields[field_45e3466]\" id=\"form-field-field_45e3466\" class=\"elementor-field elementor-size-md  elementor-field-textual\">\n\t\t\t\t\t\t\t\t\t\t\t<\/div>\n\t\t\t\t\t\t\t\t<div class=\"elementor-field-type-text elementor-field-group elementor-column elementor-field-group-field_db5a5f1 elementor-col-33\">\n\t\t\t\t\t\t\t\t\t\t\t\t<label for=\"form-field-field_db5a5f1\" class=\"elementor-field-label\">\n\t\t\t\t\t\t\t\tNo\u015bnik\t\t\t\t\t\t\t<\/label>\n\t\t\t\t\t\t\t\t\t\t\t\t\t\t<input size=\"1\" type=\"text\" name=\"form_fields[field_db5a5f1]\" id=\"form-field-field_db5a5f1\" class=\"elementor-field elementor-size-md  elementor-field-textual\">\n\t\t\t\t\t\t\t\t\t\t\t<\/div>\n\t\t\t\t\t\t\t\t<div class=\"elementor-field-type-text elementor-field-group elementor-column elementor-field-group-field_a7b2587 elementor-col-33\">\n\t\t\t\t\t\t\t\t\t\t\t\t<label for=\"form-field-field_a7b2587\" class=\"elementor-field-label\">\n\t\t\t\t\t\t\t\tTemperatura\t\t\t\t\t\t\t<\/label>\n\t\t\t\t\t\t\t\t\t\t\t\t\t\t<input size=\"1\" type=\"text\" name=\"form_fields[field_a7b2587]\" id=\"form-field-field_a7b2587\" class=\"elementor-field elementor-size-md  elementor-field-textual\">\n\t\t\t\t\t\t\t\t\t\t\t<\/div>\n\t\t\t\t\t\t\t\t<div class=\"elementor-field-type-text elementor-field-group elementor-column elementor-field-group-field_df78702 elementor-col-100\">\n\t\t\t\t\t\t\t\t\t\t\t\t<label for=\"form-field-field_df78702\" class=\"elementor-field-label\">\n\t\t\t\t\t\t\t\tNazwa firmy\t\t\t\t\t\t\t<\/label>\n\t\t\t\t\t\t\t\t\t\t\t\t\t\t<input size=\"1\" type=\"text\" name=\"form_fields[field_df78702]\" id=\"form-field-field_df78702\" class=\"elementor-field elementor-size-md  elementor-field-textual\">\n\t\t\t\t\t\t\t\t\t\t\t<\/div>\n\t\t\t\t\t\t\t\t<div class=\"elementor-field-type-text elementor-field-group elementor-column elementor-field-group-field_b2c43b9 elementor-col-33\">\n\t\t\t\t\t\t\t\t\t\t\t\t<label for=\"form-field-field_b2c43b9\" class=\"elementor-field-label\">\n\t\t\t\t\t\t\t\tAdres za\u0142adunku\t\t\t\t\t\t\t<\/label>\n\t\t\t\t\t\t\t\t\t\t\t\t\t\t<input size=\"1\" type=\"text\" name=\"form_fields[field_b2c43b9]\" id=\"form-field-field_b2c43b9\" class=\"elementor-field elementor-size-md  elementor-field-textual\">\n\t\t\t\t\t\t\t\t\t\t\t<\/div>\n\t\t\t\t\t\t\t\t<div class=\"elementor-field-type-text elementor-field-group elementor-column elementor-field-group-field_4c4dbcb elementor-col-33\">\n\t\t\t\t\t\t\t\t\t\t\t\t<label for=\"form-field-field_4c4dbcb\" class=\"elementor-field-label\">\n\t\t\t\t\t\t\t\tKod pocztowy\t\t\t\t\t\t\t<\/label>\n\t\t\t\t\t\t\t\t\t\t\t\t\t\t<input size=\"1\" type=\"text\" name=\"form_fields[field_4c4dbcb]\" id=\"form-field-field_4c4dbcb\" class=\"elementor-field elementor-size-md  elementor-field-textual\">\n\t\t\t\t\t\t\t\t\t\t\t<\/div>\n\t\t\t\t\t\t\t\t<div class=\"elementor-field-type-text elementor-field-group elementor-column elementor-field-group-field_83ad06f elementor-col-33\">\n\t\t\t\t\t\t\t\t\t\t\t\t<label for=\"form-field-field_83ad06f\" class=\"elementor-field-label\">\n\t\t\t\t\t\t\t\tMiasto\t\t\t\t\t\t\t<\/label>\n\t\t\t\t\t\t\t\t\t\t\t\t\t\t<input size=\"1\" type=\"text\" name=\"form_fields[field_83ad06f]\" id=\"form-field-field_83ad06f\" class=\"elementor-field elementor-size-md  elementor-field-textual\">\n\t\t\t\t\t\t\t\t\t\t\t<\/div>\n\t\t\t\t\t\t\t\t<div class=\"elementor-field-type-html elementor-field-group elementor-column elementor-field-group-field_419de43 elementor-col-100\">\n\t\t\t\t\t<br>\n<hr class=\"dotted\">\n<br>\t\t\t\t<\/div>\n\t\t\t\t\t\t\t\t<div class=\"elementor-field-type-date elementor-field-group elementor-column elementor-field-group-losdatum elementor-col-50\">\n\t\t\t\t\t\t\t\t\t\t\t\t<label for=\"form-field-losdatum\" class=\"elementor-field-label\">\n\t\t\t\t\t\t\t\tData roz\u0142adunku\t\t\t\t\t\t\t<\/label>\n\t\t\t\t\t\t\n\t\t<input type=\"date\" name=\"form_fields[losdatum]\" id=\"form-field-losdatum\" class=\"elementor-field elementor-size-md  elementor-field-textual elementor-date-field\" pattern=\"[0-9]{4}-[0-9]{2}-[0-9]{2}\">\n\t\t\t\t\t\t<\/div>\n\t\t\t\t\t\t\t\t<div class=\"elementor-field-type-text elementor-field-group elementor-column elementor-field-group-field_65230f4 elementor-col-50\">\n\t\t\t\t\t\t\t\t\t\t\t\t<label for=\"form-field-field_65230f4\" class=\"elementor-field-label\">\n\t\t\t\t\t\t\t\tGodzina\t\t\t\t\t\t\t<\/label>\n\t\t\t\t\t\t\t\t\t\t\t\t\t\t<input size=\"1\" type=\"text\" name=\"form_fields[field_65230f4]\" id=\"form-field-field_65230f4\" class=\"elementor-field elementor-size-md  elementor-field-textual\">\n\t\t\t\t\t\t\t\t\t\t\t<\/div>\n\t\t\t\t\t\t\t\t<div class=\"elementor-field-type-text elementor-field-group elementor-column elementor-field-group-field_66746b3 elementor-col-100\">\n\t\t\t\t\t\t\t\t\t\t\t\t<label for=\"form-field-field_66746b3\" class=\"elementor-field-label\">\n\t\t\t\t\t\t\t\tNazwa firmy(za\u0142adunku)\t\t\t\t\t\t\t<\/label>\n\t\t\t\t\t\t\t\t\t\t\t\t\t\t<input size=\"1\" type=\"text\" name=\"form_fields[field_66746b3]\" id=\"form-field-field_66746b3\" class=\"elementor-field elementor-size-md  elementor-field-textual\">\n\t\t\t\t\t\t\t\t\t\t\t<\/div>\n\t\t\t\t\t\t\t\t<div class=\"elementor-field-type-text elementor-field-group elementor-column elementor-field-group-field_843a120 elementor-col-33\">\n\t\t\t\t\t\t\t\t\t\t\t\t<label for=\"form-field-field_843a120\" class=\"elementor-field-label\">\n\t\t\t\t\t\t\t\tAdres miejsca roz\u0142adunku\t\t\t\t\t\t\t<\/label>\n\t\t\t\t\t\t\t\t\t\t\t\t\t\t<input size=\"1\" type=\"text\" name=\"form_fields[field_843a120]\" id=\"form-field-field_843a120\" class=\"elementor-field elementor-size-md  elementor-field-textual\">\n\t\t\t\t\t\t\t\t\t\t\t<\/div>\n\t\t\t\t\t\t\t\t<div class=\"elementor-field-type-text elementor-field-group elementor-column elementor-field-group-field_b9ae53d elementor-col-33\">\n\t\t\t\t\t\t\t\t\t\t\t\t<label for=\"form-field-field_b9ae53d\" class=\"elementor-field-label\">\n\t\t\t\t\t\t\t\tKod pocztowy\t\t\t\t\t\t\t<\/label>\n\t\t\t\t\t\t\t\t\t\t\t\t\t\t<input size=\"1\" type=\"text\" name=\"form_fields[field_b9ae53d]\" id=\"form-field-field_b9ae53d\" class=\"elementor-field elementor-size-md  elementor-field-textual\">\n\t\t\t\t\t\t\t\t\t\t\t<\/div>\n\t\t\t\t\t\t\t\t<div class=\"elementor-field-type-text elementor-field-group elementor-column elementor-field-group-field_403d40f elementor-col-33\">\n\t\t\t\t\t\t\t\t\t\t\t\t<label for=\"form-field-field_403d40f\" class=\"elementor-field-label\">\n\t\t\t\t\t\t\t\tMiasto\t\t\t\t\t\t\t<\/label>\n\t\t\t\t\t\t\t\t\t\t\t\t\t\t<input size=\"1\" type=\"text\" name=\"form_fields[field_403d40f]\" id=\"form-field-field_403d40f\" class=\"elementor-field elementor-size-md  elementor-field-textual\">\n\t\t\t\t\t\t\t\t\t\t\t<\/div>\n\t\t\t\t\t\t\t\t<div class=\"elementor-field-type-html elementor-field-group elementor-column elementor-field-group-field_5a03d0f elementor-col-100\">\n\t\t\t\t\t<br>\n<hr class=\"dotted\">\n<br>\t\t\t\t<\/div>\n\t\t\t\t\t\t\t\t<div class=\"elementor-field-type-text elementor-field-group elementor-column elementor-field-group-field_e2c649b elementor-col-100\">\n\t\t\t\t\t\t\t\t\t\t\t\t<label for=\"form-field-field_e2c649b\" class=\"elementor-field-label\">\n\t\t\t\t\t\t\t\tNazwa firmy\t\t\t\t\t\t\t<\/label>\n\t\t\t\t\t\t\t\t\t\t\t\t\t\t<input size=\"1\" type=\"text\" name=\"form_fields[field_e2c649b]\" id=\"form-field-field_e2c649b\" class=\"elementor-field elementor-size-md  elementor-field-textual\">\n\t\t\t\t\t\t\t\t\t\t\t<\/div>\n\t\t\t\t\t\t\t\t<div class=\"elementor-field-type-text elementor-field-group elementor-column elementor-field-group-field_73528f9 elementor-col-100\">\n\t\t\t\t\t\t\t\t\t\t\t\t<label for=\"form-field-field_73528f9\" class=\"elementor-field-label\">\n\t\t\t\t\t\t\t\tOsobba kontaktowa\t\t\t\t\t\t\t<\/label>\n\t\t\t\t\t\t\t\t\t\t\t\t\t\t<input size=\"1\" type=\"text\" name=\"form_fields[field_73528f9]\" id=\"form-field-field_73528f9\" class=\"elementor-field elementor-size-md  elementor-field-textual\">\n\t\t\t\t\t\t\t\t\t\t\t<\/div>\n\t\t\t\t\t\t\t\t<div class=\"elementor-field-type-tel elementor-field-group elementor-column elementor-field-group-field_e2abc6e elementor-col-100\">\n\t\t\t\t\t\t\t\t\t\t\t\t<label for=\"form-field-field_e2abc6e\" class=\"elementor-field-label\">\n\t\t\t\t\t\t\t\tNumer telefonu\t\t\t\t\t\t\t<\/label>\n\t\t\t\t\t\t\t\t<input size=\"1\" type=\"tel\" name=\"form_fields[field_e2abc6e]\" id=\"form-field-field_e2abc6e\" class=\"elementor-field elementor-size-md  elementor-field-textual\" pattern=\"[0-9()#&amp;+*-=.]+\" title=\"Akceptowane s\u0105 jedynie cyfry i znaki telefoniczne (#,-,*).\">\n\n\t\t\t\t\t\t<\/div>\n\t\t\t\t\t\t\t\t<div class=\"elementor-field-type-email elementor-field-group elementor-column elementor-field-group-field_c373d6a elementor-col-100 elementor-field-required\">\n\t\t\t\t\t\t\t\t\t\t\t\t<label for=\"form-field-field_c373d6a\" class=\"elementor-field-label\">\n\t\t\t\t\t\t\t\tAdres e-mail\t\t\t\t\t\t\t<\/label>\n\t\t\t\t\t\t\t\t\t\t\t\t\t\t<input size=\"1\" type=\"email\" name=\"form_fields[field_c373d6a]\" id=\"form-field-field_c373d6a\" class=\"elementor-field elementor-size-md  elementor-field-textual\" required=\"required\">\n\t\t\t\t\t\t\t\t\t\t\t<\/div>\n\t\t\t\t\t\t\t\t<div class=\"elementor-field-type-html elementor-field-group elementor-column elementor-field-group-field_77c5c2a elementor-col-100\">\n\t\t\t\t\tRead in our <a href=\"https:\/\/www.hzlogistics.eu\/pl\/oswiadczenie-o-prywatnosci\/\">privacy statement<\/a> how we handle your personal data.\t\t\t\t<\/div>\n\t\t\t\t\t\t\t\t<div class=\"elementor-field-group elementor-column elementor-field-type-submit elementor-col-100 e-form__buttons\">\n\t\t\t\t\t<button class=\"elementor-button elementor-size-sm\" type=\"submit\">\n\t\t\t\t\t\t<span class=\"elementor-button-content-wrapper\">\n\t\t\t\t\t\t\t\t\t\t\t\t\t\t\t\t\t\t\t\t\t\t<span class=\"elementor-button-text\">Wy\u015blij<\/span>\n\t\t\t\t\t\t\t\t\t\t\t\t\t<\/span>\n\t\t\t\t\t<\/button>\n\t\t\t\t<\/div>\n\t\t\t<\/div>\n\t\t<\/form>\n\t\t\t\t\t\t<\/div>\n\t\t\t\t<\/div>\n\t\t\t\t\t<\/div>\n\t\t\t\t<\/div>\n\t\t\t\t<\/div>\n\t\t","protected":false},"excerpt":{"rendered":"<p>Wy\u015blij zapytanie ofertowe Transport krajowy i mi\u0119dzynarodowy w temperaturze kontrolowanej, dystrybucja, magazynowanie, zaopatrzenie statk\u00f3w- ka\u017cdego dnia zapewniamy odpowiedni\u0105 logistyk\u0119 dostaw szczeg\u00f3lnie w centralnej I po\u0142udniowej Europie. W celu zapewnienia najlepszej us\u0142ugi prosz\u0119 wype\u0142ni\u0107 poni\u017cszy formularz. Skontaktujemy si\u0119 z Tob\u0105 szybko. Szuche, ,\u015bwie\u017ce czy mro\u017cone produkty- z H.Z. Logistics ka\u017cdy towar jest w dobrych r\u0119kach!<\/p>\n","protected":false},"author":1,"featured_media":0,"parent":0,"menu_order":0,"comment_status":"closed","ping_status":"closed","template":"","meta":{"_acf_changed":false,"footnotes":""},"class_list":["post-2103","page","type-page","status-publish","hentry"],"acf":[],"_links":{"self":[{"href":"https:\/\/www.hzlogistics.eu\/pl\/wp-json\/wp\/v2\/pages\/2103","targetHints":{"allow":["GET"]}}],"collection":[{"href":"https:\/\/www.hzlogistics.eu\/pl\/wp-json\/wp\/v2\/pages"}],"about":[{"href":"https:\/\/www.hzlogistics.eu\/pl\/wp-json\/wp\/v2\/types\/page"}],"author":[{"embeddable":true,"href":"https:\/\/www.hzlogistics.eu\/pl\/wp-json\/wp\/v2\/users\/1"}],"replies":[{"embeddable":true,"href":"https:\/\/www.hzlogistics.eu\/pl\/wp-json\/wp\/v2\/comments?post=2103"}],"version-history":[{"count":0,"href":"https:\/\/www.hzlogistics.eu\/pl\/wp-json\/wp\/v2\/pages\/2103\/revisions"}],"wp:attachment":[{"href":"https:\/\/www.hzlogistics.eu\/pl\/wp-json\/wp\/v2\/media?parent=2103"}],"curies":[{"name":"wp","href":"https:\/\/api.w.org\/{rel}","templated":true}]}}