{"id":1695,"date":"2023-10-30T14:10:57","date_gmt":"2023-10-30T13:10:57","guid":{"rendered":"https:\/\/www.hzlogistics.eu\/?page_id=1695"},"modified":"2024-04-26T16:07:21","modified_gmt":"2024-04-26T14:07:21","slug":"zastrzezenie","status":"publish","type":"page","link":"https:\/\/www.hzlogistics.eu\/pl\/zastrzezenie\/","title":{"rendered":"Zastrze\u017cenie"},"content":{"rendered":"<style>.elementor-1695 .elementor-element.elementor-element-0a6f0c3{--display:flex;--flex-direction:column;--container-widget-width:100%;--container-widget-height:initial;--container-widget-flex-grow:0;--container-widget-align-self:initial;--flex-wrap-mobile:wrap;--padding-top:100px;--padding-bottom:100px;--padding-left:0px;--padding-right:0px;}.elementor-1695 .elementor-element.elementor-element-0a6f0c3:not(.elementor-motion-effects-element-type-background), .elementor-1695 .elementor-element.elementor-element-0a6f0c3 > .elementor-motion-effects-container > .elementor-motion-effects-layer{background-color:#F2F2F2;}.elementor-widget-text-editor{font-family:var( --e-global-typography-text-font-family ), Sans-serif;font-weight:var( --e-global-typography-text-font-weight );color:var( --e-global-color-text );}.elementor-widget-text-editor.elementor-drop-cap-view-stacked .elementor-drop-cap{background-color:var( --e-global-color-primary );}.elementor-widget-text-editor.elementor-drop-cap-view-framed .elementor-drop-cap, .elementor-widget-text-editor.elementor-drop-cap-view-default .elementor-drop-cap{color:var( --e-global-color-primary );border-color:var( --e-global-color-primary );}.elementor-1695 .elementor-element.elementor-element-3c85d8b{font-family:\"futura-pt\", Sans-serif;font-weight:400;color:var( --e-global-color-text );}.elementor-1695 .elementor-element.elementor-element-c908a20{font-family:\"futura-pt\", Sans-serif;font-weight:400;color:var( --e-global-color-text );}@media(min-width:768px){.elementor-1695 .elementor-element.elementor-element-0a6f0c3{--content-width:800px;}}<\/style><link rel=\"stylesheet\" type=\"text\/css\" href=\"https:\/\/use.typekit.net\/skr6mwf.css\">\t\t<div data-elementor-type=\"wp-page\" data-elementor-id=\"1695\" class=\"elementor elementor-1695 elementor-720\" data-elementor-post-type=\"page\">\n\t\t\t\t<div class=\"elementor-element elementor-element-0a6f0c3 e-flex e-con-boxed e-con e-parent\" data-id=\"0a6f0c3\" data-element_type=\"container\" data-e-type=\"container\" data-settings=\"{&quot;background_background&quot;:&quot;classic&quot;}\">\n\t\t\t\t\t<div class=\"e-con-inner\">\n\t\t\t\t<div class=\"elementor-element elementor-element-c908a20 elementor-widget elementor-widget-text-editor\" data-id=\"c908a20\" data-element_type=\"widget\" data-e-type=\"widget\" data-widget_type=\"text-editor.default\">\n\t\t\t\t<div class=\"elementor-widget-container\">\n\t\t\t\t\t\t\t\t\t<p>\u017badna cz\u0119\u015b\u0107 niniejszej strony internetowej nie mo\u017ce by\u0107 u\u017cywana lub reprodukowana bez pisemnej i wcze\u015bniejszej zgody H.Z. Transport w spos\u00f3b inny ni\u017c pobieranie, ogl\u0105danie go na jednym komputerze i \/ lub drukowanie pojedynczej kopii do osobistego, niekomercyjnego u\u017cytku.<\/p>\n<h3>Odpowiedzialnosc<\/h3>\n<p>Z informacji na tej stronie nie mo\u017cna uzyska\u0107 \u017cadnych praw. H.Z. Transport nie ponosi odpowiedzialno\u015bci za zawarto\u015b\u0107 tej strony i informacje na niej zawarte.<\/p>\t\t\t\t\t\t\t\t<\/div>\n\t\t\t\t<\/div>\n\t\t\t\t\t<\/div>\n\t\t\t\t<\/div>\n\t\t\t\t<\/div>\n\t\t","protected":false},"excerpt":{"rendered":"<p>\u017badna cz\u0119\u015b\u0107 niniejszej strony internetowej nie mo\u017ce by\u0107 u\u017cywana lub reprodukowana bez pisemnej i wcze\u015bniejszej zgody H.Z. Transport w spos\u00f3b inny ni\u017c pobieranie, ogl\u0105danie go na jednym komputerze i \/ lub drukowanie pojedynczej kopii do osobistego, niekomercyjnego u\u017cytku. Odpowiedzialnosc Z informacji na tej stronie nie mo\u017cna uzyska\u0107 \u017cadnych praw. H.Z. Transport nie ponosi odpowiedzialno\u015bci za [&hellip;]<\/p>\n","protected":false},"author":1,"featured_media":0,"parent":0,"menu_order":0,"comment_status":"closed","ping_status":"closed","template":"","meta":{"_acf_changed":false,"footnotes":""},"class_list":["post-1695","page","type-page","status-publish","hentry"],"acf":[],"_links":{"self":[{"href":"https:\/\/www.hzlogistics.eu\/pl\/wp-json\/wp\/v2\/pages\/1695","targetHints":{"allow":["GET"]}}],"collection":[{"href":"https:\/\/www.hzlogistics.eu\/pl\/wp-json\/wp\/v2\/pages"}],"about":[{"href":"https:\/\/www.hzlogistics.eu\/pl\/wp-json\/wp\/v2\/types\/page"}],"author":[{"embeddable":true,"href":"https:\/\/www.hzlogistics.eu\/pl\/wp-json\/wp\/v2\/users\/1"}],"replies":[{"embeddable":true,"href":"https:\/\/www.hzlogistics.eu\/pl\/wp-json\/wp\/v2\/comments?post=1695"}],"version-history":[{"count":0,"href":"https:\/\/www.hzlogistics.eu\/pl\/wp-json\/wp\/v2\/pages\/1695\/revisions"}],"wp:attachment":[{"href":"https:\/\/www.hzlogistics.eu\/pl\/wp-json\/wp\/v2\/media?parent=1695"}],"curies":[{"name":"wp","href":"https:\/\/api.w.org\/{rel}","templated":true}]}}