{"id":1691,"date":"2023-10-30T14:13:33","date_gmt":"2023-10-30T13:13:33","guid":{"rendered":"https:\/\/www.hzlogistics.eu\/?page_id=1691"},"modified":"2023-12-14T13:03:02","modified_gmt":"2023-12-14T12:03:02","slug":"oswiadczenie-o-prywatnosci","status":"publish","type":"page","link":"https:\/\/www.hzlogistics.eu\/pl\/oswiadczenie-o-prywatnosci\/","title":{"rendered":"O\u015bwiadczenie o prywatno\u015bci"},"content":{"rendered":"<style>.elementor-1691 .elementor-element.elementor-element-aaa4c74{--display:flex;--flex-direction:column;--container-widget-width:100%;--container-widget-height:initial;--container-widget-flex-grow:0;--container-widget-align-self:initial;--flex-wrap-mobile:wrap;--padding-top:100px;--padding-bottom:100px;--padding-left:0px;--padding-right:0px;}.elementor-1691 .elementor-element.elementor-element-aaa4c74:not(.elementor-motion-effects-element-type-background), .elementor-1691 .elementor-element.elementor-element-aaa4c74 > .elementor-motion-effects-container > .elementor-motion-effects-layer{background-color:#F2F2F2;}.elementor-widget-text-editor{font-family:var( --e-global-typography-text-font-family ), Sans-serif;font-weight:var( --e-global-typography-text-font-weight );color:var( --e-global-color-text );}.elementor-widget-text-editor.elementor-drop-cap-view-stacked .elementor-drop-cap{background-color:var( --e-global-color-primary );}.elementor-widget-text-editor.elementor-drop-cap-view-framed .elementor-drop-cap, .elementor-widget-text-editor.elementor-drop-cap-view-default .elementor-drop-cap{color:var( --e-global-color-primary );border-color:var( --e-global-color-primary );}.elementor-1691 .elementor-element.elementor-element-a7e86de{font-family:\"futura-pt\", Sans-serif;font-weight:400;color:var( --e-global-color-text );}.elementor-1691 .elementor-element.elementor-element-3767d47{font-family:\"futura-pt\", Sans-serif;font-weight:400;color:var( --e-global-color-text );}@media(min-width:768px){.elementor-1691 .elementor-element.elementor-element-aaa4c74{--content-width:800px;}}<\/style><link rel=\"stylesheet\" type=\"text\/css\" href=\"https:\/\/use.typekit.net\/skr6mwf.css\">\t\t<div data-elementor-type=\"wp-page\" data-elementor-id=\"1691\" class=\"elementor elementor-1691 elementor-729\" data-elementor-post-type=\"page\">\n\t\t\t\t<div class=\"elementor-element elementor-element-aaa4c74 e-flex e-con-boxed e-con e-parent\" data-id=\"aaa4c74\" data-element_type=\"container\" data-e-type=\"container\" data-settings=\"{&quot;background_background&quot;:&quot;classic&quot;}\">\n\t\t\t\t\t<div class=\"e-con-inner\">\n\t\t\t\t<div class=\"elementor-element elementor-element-a7e86de elementor-widget elementor-widget-text-editor\" data-id=\"a7e86de\" data-element_type=\"widget\" data-e-type=\"widget\" data-widget_type=\"text-editor.default\">\n\t\t\t\t<div class=\"elementor-widget-container\">\n\t\t\t\t\t\t\t\t\t<p>H.Z. Transport szanuje prywatno\u015b\u0107 wszystkich odwiedzaj\u0105cych nasz\u0105 stron\u0119 internetow\u0105. Mo\u017cesz odwiedzi\u0107 t\u0119 stron\u0119 anonimowo. Odwiedzaj\u0105c t\u0119 stron\u0119, H.Z. Transport nie gromadzi danych od u\u017cytkownika i \/ lub nie przetwarza ich w jakikolwiek spos\u00f3b, z nale\u017cytym przestrzeganiem poni\u017cszych postanowie\u0144.<\/p>\n<p>Podczas odwiedzin na tej stronie internetowej adres IP jest rejestrowany przy u\u017cyciu tak zwanego serwera statystycznego. Ten serwer generuje dane, kt\u00f3re s\u0105 przetwarzane anonimowo i s\u0105 wykorzystywane wy\u0142\u0105cznie do cel\u00f3w statystycznych.<\/p>\n<p>Je\u015bli wprowadzisz dane osobowe, H.Z. Transport potraktuje je w spos\u00f3b poufny. Wykorzystujemy Twoje dane, aby dostarczy\u0107 Ci istotne informacje. Wprowadzaj\u0105c swoje dane, akceptujesz to.<\/p>\n<p>Niniejsze o\u015bwiadczenie o ochronie prywatno\u015bci nie ma zastosowania do stron internetowych stron trzecich, kt\u00f3re mo\u017cna odwiedza\u0107 za po\u015brednictwem \u0142\u0105czy na tej stronie.<\/p>\n<p>H.Z. Transport zastrzega sobie prawo do wprowadzania zmian w niniejszym o\u015bwiadczeniu o ochronie prywatno\u015bci. Dlatego wskazane jest regularne sprawdzanie tego o\u015bwiadczenia, aby mie\u0107 \u015bwiadomo\u015b\u0107 tych zmian.<\/p>\t\t\t\t\t\t\t\t<\/div>\n\t\t\t\t<\/div>\n\t\t\t\t\t<\/div>\n\t\t\t\t<\/div>\n\t\t\t\t<\/div>\n\t\t","protected":false},"excerpt":{"rendered":"<p>H.Z. Transport szanuje prywatno\u015b\u0107 wszystkich odwiedzaj\u0105cych nasz\u0105 stron\u0119 internetow\u0105. Mo\u017cesz odwiedzi\u0107 t\u0119 stron\u0119 anonimowo. Odwiedzaj\u0105c t\u0119 stron\u0119, H.Z. Transport nie gromadzi danych od u\u017cytkownika i \/ lub nie przetwarza ich w jakikolwiek spos\u00f3b, z nale\u017cytym przestrzeganiem poni\u017cszych postanowie\u0144. Podczas odwiedzin na tej stronie internetowej adres IP jest rejestrowany przy u\u017cyciu tak zwanego serwera statystycznego. Ten [&hellip;]<\/p>\n","protected":false},"author":1,"featured_media":0,"parent":0,"menu_order":0,"comment_status":"closed","ping_status":"closed","template":"","meta":{"_acf_changed":false,"footnotes":""},"class_list":["post-1691","page","type-page","status-publish","hentry"],"acf":[],"_links":{"self":[{"href":"https:\/\/www.hzlogistics.eu\/pl\/wp-json\/wp\/v2\/pages\/1691","targetHints":{"allow":["GET"]}}],"collection":[{"href":"https:\/\/www.hzlogistics.eu\/pl\/wp-json\/wp\/v2\/pages"}],"about":[{"href":"https:\/\/www.hzlogistics.eu\/pl\/wp-json\/wp\/v2\/types\/page"}],"author":[{"embeddable":true,"href":"https:\/\/www.hzlogistics.eu\/pl\/wp-json\/wp\/v2\/users\/1"}],"replies":[{"embeddable":true,"href":"https:\/\/www.hzlogistics.eu\/pl\/wp-json\/wp\/v2\/comments?post=1691"}],"version-history":[{"count":0,"href":"https:\/\/www.hzlogistics.eu\/pl\/wp-json\/wp\/v2\/pages\/1691\/revisions"}],"wp:attachment":[{"href":"https:\/\/www.hzlogistics.eu\/pl\/wp-json\/wp\/v2\/media?parent=1691"}],"curies":[{"name":"wp","href":"https:\/\/api.w.org\/{rel}","templated":true}]}}