{"id":4419,"date":"2024-08-15T12:50:46","date_gmt":"2024-08-15T10:50:46","guid":{"rendered":"https:\/\/www.hzlogistics.eu\/?page_id=4419"},"modified":"2025-10-30T15:28:01","modified_gmt":"2025-10-30T14:28:01","slug":"nachhaltigkeit","status":"publish","type":"page","link":"https:\/\/www.hzlogistics.eu\/de\/nachhaltigkeit\/","title":{"rendered":"Nachhaltigkeit"},"content":{"rendered":"<style>.elementor-4419 .elementor-element.elementor-element-ed2cfd6{--display:flex;--margin-top:0px;--margin-bottom:0px;--margin-left:0px;--margin-right:0px;--padding-top:100px;--padding-bottom:100px;--padding-left:0px;--padding-right:0px;--z-index:3;}.elementor-4419 .elementor-element.elementor-element-ed2cfd6:not(.elementor-motion-effects-element-type-background), .elementor-4419 .elementor-element.elementor-element-ed2cfd6 > .elementor-motion-effects-container > .elementor-motion-effects-layer{background-color:#F3F3F3;}.elementor-widget-text-editor{font-family:var( --e-global-typography-text-font-family ), Sans-serif;font-weight:var( --e-global-typography-text-font-weight );color:var( --e-global-color-text );}.elementor-widget-text-editor.elementor-drop-cap-view-stacked .elementor-drop-cap{background-color:var( --e-global-color-primary );}.elementor-widget-text-editor.elementor-drop-cap-view-framed .elementor-drop-cap, .elementor-widget-text-editor.elementor-drop-cap-view-default .elementor-drop-cap{color:var( --e-global-color-primary );border-color:var( --e-global-color-primary );}@media(max-width:1024px){.elementor-4419 .elementor-element.elementor-element-ed2cfd6{--padding-top:50px;--padding-bottom:50px;--padding-left:50px;--padding-right:50px;}}@media(max-width:767px){.elementor-4419 .elementor-element.elementor-element-ed2cfd6{--padding-top:50px;--padding-bottom:50px;--padding-left:25px;--padding-right:25px;}}<\/style>\t\t<div data-elementor-type=\"wp-page\" data-elementor-id=\"4419\" class=\"elementor elementor-4419\" data-elementor-post-type=\"page\">\n\t\t\t\t<div class=\"elementor-element elementor-element-ed2cfd6 e-flex e-con-boxed e-con e-parent\" data-id=\"ed2cfd6\" data-element_type=\"container\" data-e-type=\"container\" data-settings=\"{&quot;background_background&quot;:&quot;classic&quot;}\">\n\t\t\t\t\t<div class=\"e-con-inner\">\n\t\t\t\t<div class=\"elementor-element elementor-element-df889bf elementor-widget elementor-widget-text-editor\" data-id=\"df889bf\" data-element_type=\"widget\" data-e-type=\"widget\" data-widget_type=\"text-editor.default\">\n\t\t\t\t<div class=\"elementor-widget-container\">\n\t\t\t\t\t\t\t\t\t<p>H.Z. Logistics ist ein qualitativ hochwertiger, zukunftsweisender und effektiver Dienstleister. Nachhaltigkeit und Corporate Social Responsibility (CSR) haben f\u00fcr uns einen hohen Stellenwert. Wir streben danach, mit unseren innovativen Logistikl\u00f6sungen einen positiven Einfluss auf die Umwelt zu haben.<\/p><h3>Nachhaltiges Bauen<\/h3><p>Unser k\u00fcrzlich erbautes Geb\u00e4ude in Maasdijk (NL) wurde mit der BREEAM-NL Excellent-Zertifizierung mit einer 4-Sterne-Bewertung gebaut. Hierbei handelt es sich um eine Zertifizierungsmethode f\u00fcr Neubauten, die ganzheitliche Nachhaltigkeit ber\u00fccksichtigt. Diese Bewertung wurde durch den Einsatz nachhaltiger Baumaterialien mit hochwertiger D\u00e4mmung erreicht. Damit erreicht das Geb\u00e4ude auch das Energielabel A+++++.<\/p><p>Auf unserem Gel\u00e4nde befinden sich au\u00dferdem 26 Anh\u00e4ngerstellpl\u00e4tze, die mit Strom zum Anschluss des K\u00fchlmotors ausgestattet sind, so dass kein Diesel verbraucht wird. Auch die Traktorpl\u00e4tze sind mit Strom ausgestattet, so dass Fahrer in ihrer Kabine keinen Diesel nutzen m\u00fcssen, wenn sie Strom ben\u00f6tigen. Der daf\u00fcr ben\u00f6tigte Strom wird von unseren Solarpaneelen erzeugt.<\/p><h3>Gr\u00fcne Energie\/Solarmodule<\/h3><p>H.Z. Logistics tr\u00e4gt zu einer saubereren Umwelt bei, indem sie mithilfe von Solarpaneelen Strom erzeugt. Im Jahr 2023 wurden insgesamt 1.682 Solarmodule installiert, davon 1.200 auf dem Hauptgeb\u00e4ude, die restlichen 482 Solarmodule auf dem Nebengeb\u00e4ude.<\/p><h3>Effiziente Planung<\/h3><p>Eine weitere M\u00f6glichkeit, sinnlose Emissionen zu vermeiden, besteht darin, die Kilometerleistung durch die Planung intelligenter Reisen zu minimieren. Unsere Planer sind jeden Tag damit besch\u00e4ftigt, die effizientesten Routen auszuw\u00e4hlen. Dies spart nicht nur Kosten f\u00fcr unsere Kunden, sondern tr\u00e4gt auch zur Reduzierung des CO2-Aussto\u00dfes bei.<\/p><p>Wir transportieren auch per Bahn, was einen wesentlichen Beitrag zur CO2-Reduktion leistet. Im Jahr 2023 f\u00fchrte dies zu einer Reduzierung von 1.170 Tonnen CO2.<\/p><h3>Kraftstoffeffizienz<\/h3><p>Unsere Fahrer sind im Hinblick auf Kraftstoffeffizienz geschult. Diese Schulungen bestehen aus sparsamem Fahren und Code 95 \u201eDas neue Fahren\u201c. Diese Schulungen vermitteln Fahrern das Wissen, bis zu 10 % weniger Kraftstoff pro Fahrt zu verbrauchen.<\/p><h3>Lean &amp; Green<\/h3><p><a href=\"https:\/\/lean-green.nl\/deelnemers\/h-z-logistics-bv\/\" target=\"_blank\" rel=\"noopener\">Lean &amp; Green<\/a> verleiht den teilnehmenden Unternehmen eine verifizierte Anerkennung f\u00fcr die erzielte CO2-Reduktion bei <a href=\"https:\/\/www.hzlogistics.eu\/de\/dienstleistungen\/\">Logistikaktivit\u00e4ten<\/a>.<\/p><p>Diese anerkannte Auszeichnung wird mit Sternen vergeben. Wir erhielten unseren zweiten Stern im Juni 2024. Wir sind sehr stolz darauf, bekanntgeben zu k\u00f6nnen, dass wir im August 2025 unseren dritten Stern erhalten haben. Diese Anerkennung beweist, dass wir Nachhaltigkeit ernst nehmen und uns kontinuierlich verbessern wollen.<\/p><h3>LNG-betriebene Fahrzeuge<\/h3><p>Wir sind stolz darauf, dass derzeit 30 unserer Lkw mit LNG (Gas) betrieben werden. Diese nachhaltige Alternative reduziert den CO2-Aussto\u00df, tr\u00e4gt zu einer saubereren Umwelt bei und sorgt gleichzeitig f\u00fcr einen effizienten und zuverl\u00e4ssigen Transport.<\/p><h3>Kraftstoff- und Reifendruck\u00fcberwachung<\/h3><p>Wir \u00fcberwachen kontinuierlich den Kraftstoff- und Reifendruck unserer Fahrzeuge. Diese Ma\u00dfnahmen helfen uns, so effizient wie m\u00f6glich zu fahren und unn\u00f6tige Emissionen zu vermeiden, was unsere Umweltbelastung weiter reduziert. Bei H.Z. Logistics arbeiten wir bewusst an unseren nachhaltigen Initiativen. Gemeinsam arbeiten wir an einer gr\u00fcneren Zukunft.<\/p><h3><b>CSRD<\/b><\/h3><p>Wir m\u00f6chten Sie dar\u00fcber informieren, dass H.Z. Logistics derzeit an der Implementierung von BigMile arbeitet. Diese Implementierung wird bis Ende Dezember abgeschlossen sein. BigMile wird es uns erm\u00f6glichen, zertifizierte CO2-Berichte in \u00dcbereinstimmung mit der ISO 14083-Methodik und dem GLEC-Rahmenwerk zu erstellen. Dies wird eine transparente und zuverl\u00e4ssige Berichterstattung \u00fcber unsere CO2-Emissionen gew\u00e4hrleisten und die strengsten Nachhaltigkeits- und Berichtsanforderungen erf\u00fcllen.<\/p><p>Wenn Sie Fragen zu diesem Thema haben, richten Sie diese bitte an <a href=\"mailto:csrd@hzlogistics.nl\">csrd@hzlogistics.nl<\/a><\/p><h3>Abfallmanagement<\/h3><p>Bei H.Z. Logistics engagieren wir uns aktiv f\u00fcr eine verantwortungsvolle Abfallwirtschaft. Zu diesem Zweck haben wir zwei Umweltstra\u00dfen, in denen unser Abfall in vier Str\u00f6me sortiert wird: Restm\u00fcll, Pappe\/Papier, Plastik und Gr\u00fcn\/Sp\u00fcle. F\u00fcr grobe Abf\u00e4lle nutzen wir Presscontainer, die eine effiziente und umweltfreundliche Verarbeitung der Abf\u00e4lle gew\u00e4hrleisten.<\/p><p>Unser Abfallentsorgungspartner \u00fcberwacht den F\u00fcllstand der Tonnen genau, damit diese zum richtigen Zeitpunkt geleert werden. Dies verhindert sowohl eine vorzeitige als auch eine sp\u00e4te Entleerung, wodurch wir eine Transportoptimierung erreichen und die Auswirkungen auf die Umwelt minimieren k\u00f6nnen.<\/p><p>Durch diese Ma\u00dfnahmen reduzieren wir Abfall und f\u00f6rdern das Recycling, was zu einer besseren Umwelt und einer nachhaltigen Zukunft beitr\u00e4gt.<\/p><h3>Unterst\u00fctzung von Wohlt\u00e4tigkeitsorganisationen<\/h3><p>H.Z. Logistics ist eng in den Ooievaarsrun eingebunden und stellt der Organisation jedes Jahr mehrere Fahrzeuge zur Verf\u00fcgung. Der Ooievaarsrun ist eine Veranstaltung, die sich darauf konzentriert, Menschen mit Behinderungen einen unterhaltsamen Tag zu bieten, indem ihnen eine Fahrt in Lastwagen und anderen Spezialfahrzeugen angeboten wird. Dies tr\u00e4gt zum Wohlergehen gef\u00e4hrdeter Gruppen in der Gesellschaft bei. Zus\u00e4tzlich zum Ooievaarsrun bieten wir unseren Fahrern die M\u00f6glichkeit, an anderen LKW-L\u00e4ufen im Land teilzunehmen.<\/p><p>Dar\u00fcber hinaus sponsert H.Z Logistics organisiert auch den j\u00e4hrlichen Freshride. Dies ist eine Radsportveranstaltung, bei der die Teilnehmer Geld f\u00fcr die Krebsforschung sammeln.<\/p><h3>Mitarbeiterentwicklung<\/h3><p>H.Z. Logistics legt gro\u00dfen Wert auf die Mitarbeiterentwicklung. Deshalb stellen wir ein Budget f\u00fcr die Teilnahme an Kursen und Schulungen zur Verf\u00fcgung. Auf diese Weise k\u00f6nnen unsere Mitarbeiter ihr Wissen und ihre F\u00e4higkeiten kontinuierlich weiterentwickeln und erweitern.<\/p><p>Au\u00dferdem verf\u00fcgen wir in unserem Geb\u00e4ude \u00fcber einen Fitnessraum mit modernen Kraft- und Cardioger\u00e4ten. Dieser Raum ist so gestaltet, dass unsere Mitarbeiter die M\u00f6glichkeit haben, fit und gesund zu bleiben.<\/p>\t\t\t\t\t\t\t\t<\/div>\n\t\t\t\t<\/div>\n\t\t\t\t\t<\/div>\n\t\t\t\t<\/div>\n\t\t\t\t<\/div>\n\t\t","protected":false},"excerpt":{"rendered":"<p>H.Z. Logistics ist ein qualitativ hochwertiger, zukunftsweisender und effektiver Dienstleister. Nachhaltigkeit und Corporate Social Responsibility (CSR) haben f\u00fcr uns einen hohen Stellenwert. Wir streben danach, mit unseren innovativen Logistikl\u00f6sungen einen positiven Einfluss auf die Umwelt zu haben. Nachhaltiges Bauen Unser k\u00fcrzlich erbautes Geb\u00e4ude in Maasdijk (NL) wurde mit der BREEAM-NL Excellent-Zertifizierung mit einer 4-Sterne-Bewertung gebaut. [&hellip;]<\/p>\n","protected":false},"author":3,"featured_media":0,"parent":0,"menu_order":0,"comment_status":"closed","ping_status":"closed","template":"","meta":{"_acf_changed":false,"footnotes":""},"class_list":["post-4419","page","type-page","status-publish","hentry"],"acf":[],"_links":{"self":[{"href":"https:\/\/www.hzlogistics.eu\/de\/wp-json\/wp\/v2\/pages\/4419","targetHints":{"allow":["GET"]}}],"collection":[{"href":"https:\/\/www.hzlogistics.eu\/de\/wp-json\/wp\/v2\/pages"}],"about":[{"href":"https:\/\/www.hzlogistics.eu\/de\/wp-json\/wp\/v2\/types\/page"}],"author":[{"embeddable":true,"href":"https:\/\/www.hzlogistics.eu\/de\/wp-json\/wp\/v2\/users\/3"}],"replies":[{"embeddable":true,"href":"https:\/\/www.hzlogistics.eu\/de\/wp-json\/wp\/v2\/comments?post=4419"}],"version-history":[{"count":0,"href":"https:\/\/www.hzlogistics.eu\/de\/wp-json\/wp\/v2\/pages\/4419\/revisions"}],"wp:attachment":[{"href":"https:\/\/www.hzlogistics.eu\/de\/wp-json\/wp\/v2\/media?parent=4419"}],"curies":[{"name":"wp","href":"https:\/\/api.w.org\/{rel}","templated":true}]}}