{"id":4415,"date":"2024-08-15T11:28:20","date_gmt":"2024-08-15T09:28:20","guid":{"rendered":"https:\/\/www.hzlogistics.eu\/?page_id=4415"},"modified":"2025-05-30T12:06:52","modified_gmt":"2025-05-30T10:06:52","slug":"zertifizierung","status":"publish","type":"page","link":"https:\/\/www.hzlogistics.eu\/de\/zertifizierung\/","title":{"rendered":"Zertifizierung"},"content":{"rendered":"<style>.elementor-4415 .elementor-element.elementor-element-c7f1bde{--display:flex;--margin-top:0px;--margin-bottom:0px;--margin-left:0px;--margin-right:0px;--padding-top:100px;--padding-bottom:100px;--padding-left:0px;--padding-right:0px;--z-index:3;}.elementor-4415 .elementor-element.elementor-element-c7f1bde:not(.elementor-motion-effects-element-type-background), .elementor-4415 .elementor-element.elementor-element-c7f1bde > .elementor-motion-effects-container > .elementor-motion-effects-layer{background-color:#F3F3F3;}.elementor-widget-text-editor{font-family:var( --e-global-typography-text-font-family ), Sans-serif;font-weight:var( --e-global-typography-text-font-weight );color:var( --e-global-color-text );}.elementor-widget-text-editor.elementor-drop-cap-view-stacked .elementor-drop-cap{background-color:var( --e-global-color-primary );}.elementor-widget-text-editor.elementor-drop-cap-view-framed .elementor-drop-cap, .elementor-widget-text-editor.elementor-drop-cap-view-default .elementor-drop-cap{color:var( --e-global-color-primary );border-color:var( --e-global-color-primary );}@media(max-width:1024px){.elementor-4415 .elementor-element.elementor-element-c7f1bde{--padding-top:50px;--padding-bottom:50px;--padding-left:50px;--padding-right:50px;}}@media(max-width:767px){.elementor-4415 .elementor-element.elementor-element-c7f1bde{--padding-top:50px;--padding-bottom:50px;--padding-left:25px;--padding-right:25px;}}<\/style>\t\t<div data-elementor-type=\"wp-page\" data-elementor-id=\"4415\" class=\"elementor elementor-4415\" data-elementor-post-type=\"page\">\n\t\t\t\t<div class=\"elementor-element elementor-element-c7f1bde e-flex e-con-boxed e-con e-parent\" data-id=\"c7f1bde\" data-element_type=\"container\" data-e-type=\"container\" data-settings=\"{&quot;background_background&quot;:&quot;classic&quot;}\">\n\t\t\t\t\t<div class=\"e-con-inner\">\n\t\t\t\t<div class=\"elementor-element elementor-element-f729c35 elementor-widget elementor-widget-text-editor\" data-id=\"f729c35\" data-element_type=\"widget\" data-e-type=\"widget\" data-widget_type=\"text-editor.default\">\n\t\t\t\t<div class=\"elementor-widget-container\">\n\t\t\t\t\t\t\t\t\t<h3>AEO-Zertifizierung<\/h3>\n<p>Wir sind stolz, bekannt geben zu k\u00f6nnen, dass H.Z. Logistics AEO-zertifiziert ist. Dies bedeutet, dass wir die strengen Sicherheitsstandards und -kontrollen erf\u00fcllen, die vom Zoll festgelegt wurden. Dieses Zertifikat garantiert unseren Kunden eine zuverl\u00e4ssige und effiziente Abwicklung internationaler Warenstr\u00f6me.<\/p>\n<h3>BRC-Zertifikat &#8211; Status A++<\/h3>\n<p>H.Z. Logistics verf\u00fcgt \u00fcber ein BRC-Zertifikat mit dem h\u00f6chsten Status: A++. Dies bedeutet, dass wir die strengsten Anforderungen im Bereich Lebensmittelsicherheit und -qualit\u00e4t erf\u00fcllen, die vom British Retail Consortium festgelegt wurden. Diese Zertifizierung unterstreicht unser Engagement f\u00fcr sichere und qualitativ hochwertige Logistikdienstleistungen.<\/p>\n<h3>Lean &amp; Green<\/h3>\n<p>Im Mai 2024 erhielten wir unseren zweiten&nbsp;<a href=\"https:\/\/www.hzlogistics.eu\/en\/news\/proud-of-our-second-lean-green-star\/\" target=\"_blank\">Lean &amp; Green-Stern<\/a>. Diese Anerkennung zeigt, dass wir aktiv zur CO\u2082-Reduktion und Nachhaltigkeit in unseren Logistikprozessen beitragen. Das Erreichen dieser Sterne zeigt, dass wir kontinuierlich in umweltfreundliche L\u00f6sungen investieren. Wir haben unser j\u00e4hrliches Monitoring erneut bestanden und zeigen damit, dass wir konsequent auf Professionalit\u00e4t, Sicherheit und Zuverl\u00e4ssigkeit setzen. Dar\u00fcber hinaus bereiten wir uns derzeit aktiv auf die Erlangung eines dritten Sterns vor. Dieser n\u00e4chste Schritt ist ein wichtiger Meilenstein f\u00fcr uns und eine Best\u00e4tigung unseres hohen Standards, den wir bei allem, was wir tun, anstreben.<\/p>\n<h3>BREEAM-NL Excellent-Zertifizierung<\/h3>\n<p>Unser neues Geb\u00e4ude in Maasdijk (NL) wurde mit der BREEAM-NL Excellent-Zertifizierung mit vier Sternen ausgezeichnet, was unser Engagement f\u00fcr Nachhaltigkeit und Energieeffizienz best\u00e4tigt. Dank nachhaltiger Materialien und hochwertiger D\u00e4mmung verf\u00fcgt das Geb\u00e4ude \u00fcber das h\u00f6chste Energielabel A+++++.<\/p>\t\t\t\t\t\t\t\t<\/div>\n\t\t\t\t<\/div>\n\t\t\t\t\t<\/div>\n\t\t\t\t<\/div>\n\t\t\t\t<\/div>\n\t\t","protected":false},"excerpt":{"rendered":"<p>AEO-Zertifizierung Wir sind stolz, bekannt geben zu k\u00f6nnen, dass H.Z. Logistics AEO-zertifiziert ist. Dies bedeutet, dass wir die strengen Sicherheitsstandards und -kontrollen erf\u00fcllen, die vom Zoll festgelegt wurden. Dieses Zertifikat garantiert unseren Kunden eine zuverl\u00e4ssige und effiziente Abwicklung internationaler Warenstr\u00f6me. BRC-Zertifikat &#8211; Status A++ H.Z. Logistics verf\u00fcgt \u00fcber ein BRC-Zertifikat mit dem h\u00f6chsten Status: A++. [&hellip;]<\/p>\n","protected":false},"author":3,"featured_media":0,"parent":0,"menu_order":0,"comment_status":"closed","ping_status":"closed","template":"","meta":{"_acf_changed":false,"footnotes":""},"class_list":["post-4415","page","type-page","status-publish","hentry"],"acf":[],"_links":{"self":[{"href":"https:\/\/www.hzlogistics.eu\/de\/wp-json\/wp\/v2\/pages\/4415","targetHints":{"allow":["GET"]}}],"collection":[{"href":"https:\/\/www.hzlogistics.eu\/de\/wp-json\/wp\/v2\/pages"}],"about":[{"href":"https:\/\/www.hzlogistics.eu\/de\/wp-json\/wp\/v2\/types\/page"}],"author":[{"embeddable":true,"href":"https:\/\/www.hzlogistics.eu\/de\/wp-json\/wp\/v2\/users\/3"}],"replies":[{"embeddable":true,"href":"https:\/\/www.hzlogistics.eu\/de\/wp-json\/wp\/v2\/comments?post=4415"}],"version-history":[{"count":0,"href":"https:\/\/www.hzlogistics.eu\/de\/wp-json\/wp\/v2\/pages\/4415\/revisions"}],"wp:attachment":[{"href":"https:\/\/www.hzlogistics.eu\/de\/wp-json\/wp\/v2\/media?parent=4415"}],"curies":[{"name":"wp","href":"https:\/\/api.w.org\/{rel}","templated":true}]}}